{"id":111,"date":"2023-09-18T11:13:44","date_gmt":"2023-09-18T09:13:44","guid":{"rendered":"http:\/\/www.ergoiena.com\/?page_id=111"},"modified":"2024-02-28T10:01:18","modified_gmt":"2024-02-28T09:01:18","slug":"lizarraga","status":"publish","type":"page","link":"http:\/\/www.ergoiena.com\/es\/concejos\/lizarraga\/","title":{"rendered":"Lizarraga"},"content":{"rendered":"<div class=\"bloque class-col-xs-12\"><a href=\"#corporacion\" class=\"bloque-tab\">Corporaci\u00f3n<\/a><div class=\"contenido-bloque\" id=\"corporacion\" style=\"display: none;\"><\/p>\n<p><strong>PRESIDENTE<\/strong><\/p>\n<ul>\n<li>Eneko Echarri Amorin<\/li>\n<\/ul>\n<p><strong>SECRETARIA<\/strong><\/p>\n<ul>\n<li>Naroa Etxarri Senar<\/li>\n<\/ul>\n<p>&nbsp;<\/p>\n<ul>\n<li>Lorenzo Nu\u00f1ez Perez<\/li>\n<li>Miren Iosune Andueza Osteriz<\/li>\n<li>Erkuden Carravilla Lecea<\/li>\n<\/ul>\n<p><\/div><\/div>\n<div class=\"bloque class-col-xs-12\"><a href=\"#patrimonio\" class=\"bloque-tab\">Patrimonio Art\u00edstico<\/a><div class=\"contenido-bloque\" id=\"patrimonio\" style=\"display: none;\"><\/p>\n<p><strong>Parroquia de San Clemente<\/strong><\/p>\n<p>Se trata de una iglesia del g\u00f3tico tard\u00edo del siglo XVI, al que pertenecen la cabecera, el tramo inmediato y la portada a la que se a\u00f1aden b\u00f3vedas de lunetos barrocas en la nave. La planta es de una sola y amplia nave de tres tramos &#8211; el tercero cuadrangular de mayor tama\u00f1o- y cabecera recta m\u00e1s estrecha que la nave (Fig. 323). Entre el primero y segundo tramo se abre un nicho con arco escarzano moldurado a la nave. Los muros son enlucidos y en el tramo inmediato ala cabecera est\u00e1n jalonados por medias columnas adosadas a pilastras de las cuales las pr\u00f3ximas al presbiterio.presentan cabezas de \u00e1ndeles adosadas al capitel. Capiteles de igual forma aparecen tambi\u00e9n en el muro de la cabecera sobre columnas adosadas sobre las que apoya la b\u00f3veda. Estas columnas descansan sobre basas y pedestales poligonales. En los \u00e1ngulos salientes de la cabecera se empotran restos de dos capiteles renacentistas con acanaladuras y volutas.<br \/>\nLas cubiertas se componen de dos tramos de b\u00f3vedas de lunetos con recua-dramientos sobre faj\u00f3n de medio punto que apoya en m\u00e9nsulas planas, un tramo de b\u00f3veda estrellada con conopios y claves decoradas con cabezas y en la cabecera una b\u00f3veda estrellada con cuatro conopios y claves decoradas con florones.El nicho frontero a la puerta se cubre con b\u00f3veda rebajada.<br \/>\nEl coro, situado a los pies, presenta un arco de embocadura rebajado sobre pilares con capiteles moldurados planos y balaustrada de madera. Se adosa a \u00e9ste una escalera de caracol. La iglesia se ilumina por una ventana de medio punto moldurada con doble baquet\u00f3n en la cabecera, otra geminada con tracer\u00eda del<\/p>\n<p align=\"center\"><em><span style=\"font-size: xx-small;\">Fig, 323. LIZARRAGA. Parroquia de San Clemente.<\/span><\/em><\/p>\n<p>siglo XVI en el tercer tramo y en e! coro una ventana recta, todas ellas en el lado de la Ep\u00edstola (Fig. 324).<br \/>\nLa sacrist\u00eda es una estancia rectangular adosada al tercer tramo por el lado de la Ep\u00edstola, cubierta por un cielo raso a la que se accede por una puerta adinrelada y moldurada.<br \/>\nAl exterior., los muros son de sillar (L\u00e1m. 594). .En el segundo tramo del lado de la Ep\u00edstola se emplaza una portada renacentista estructurada por cuatro columnas acanaladas sobre basas y pedestales cajeados con bellos capiteles clasicistas (L\u00e1m. 595). Entre las columnas se sit\u00faa una portada de medio punto con ligero; abocinamiento con tres baquetones y guarda lluvia exterior que descansan en pies derechos cajeados. En las enjutas se disponen tondos con los bustos de San Juan; Bautista y Santiago. En los intercolumnios se sit\u00faan hornacinas aveneradas y encima medios puntos con cabezas de \u00e1ngeles. Sobre el orden de columnas corre un entablamento con moldura de dentellones. Remata la portada un medio punto casetonado que resguarda el relieve del Padre Eterno sobre nubes y \u00e1ngeles que portan filacterias. El Padre Eterno bendice y apoya su mano izquierda sobre el globo terr\u00e1queo. Cobija la portada un p\u00f3rtico de tres arcos semicirculares sobre dos s\u00f3lidos pilares en cuyo frontis va la inscripci\u00f3n: SE HIZO EL \/ A\u00d1O DE \/ 1839. El p\u00f3rtico se contin\u00faa por la sacrist\u00eda. La parte superior de este lado deja ver la torre, estrecha y prism\u00e1tica, emplazada a los pies, y los muros altas jalonados por contrafuertes -diagonales los de las esquinas- y abiertos por las ventanas rese\u00f1adas en el interior. La cabecera es recta y maciza, salvo la parte inferior donde se abre una ventana. Sigue el lado del Evangelio con los contrafuertes de an\u00e1loga disposici\u00f3n que los del lado opuesto y el saliente del nicho.<\/p>\n<p><em>Lado del Evangelio<\/em><\/p>\n<p align=\"left\">Se emplaza aqu\u00ed la pila bautismal p\u00e9trea del siglo XVII con pedestal cuadrado, basa circular con ovas, fuste acanalado y caza avenerada con moldura superior de ovas.<br \/>\nUna calla de una Virgen con el Ni\u00f1o (85) frontales, obra contempor\u00e1nea imitando modelos del siglo XIII.<\/p>\n<p align=\"center\"><em><span style=\"font-size: xx-small;\">Fig. 324, LIZARRAGA. Parroquia, de San Clemente. Ventana.<\/span><\/em><\/p>\n<p>&nbsp;<\/p>\n<p><em>Presbiterio<\/em><\/p>\n<p>Preside este \u00e1mbito un retablo mayor dedicado a San Clemente. Fue contratado el 19 de octubre de 1676 por Joseph de Huici e Ituren pero no se lleg\u00f3 a hacer por muerte de Garc\u00eda de Perezurgu\u00edn que al parecer deb\u00eda intervenir tambi\u00e9n en la obra. Las condiciones especificadas en el contrato eran \u00e9stas: ser realizado en tres a\u00f1os, en madera de nogal y haya y deb\u00eda llevar las representaciones de San Clemente, San Pedro y San Pablo, San Ferm\u00edn y San Francisco Javier, un Santo Cristo y Nuestra Se\u00f1ora y San Juan.<br \/>\nEl retablo actual es aproximadamente de esa fecha, d\u00e9cada de los sesenta o setenta del siglo XVII y su estilo es un incipiente barroco. Su traza es recta formada por banco con cuatro pedestales y tableros con roleos de follaje entre ellos, dos cuerpos de tres calles con columnas de fuste vibrante y capitel corintio que albergan hornacinas de medio punto coronadas por gran placa de follaje, salvo la caja central del primer cuerpo y entablamentos de ovas y dentellones. El \u00e1tico presenta una caja entre machones y est\u00e1 coronado por front\u00f3n curvo partido. Los frisos que separan los cuerpos son de triglifos y cogollos. La flanquean escudos e inscripciones iguales a ambos lados. El escudo sobre follaje y con corona abierta tiene en el campo un le\u00f3n pasante y bajo \u00e9l la leyenda: EST\u00c9 ESCUDO ES DE ESTE LUGAR DE LIZARRAGA.<\/p>\n<p>El retablo alberga exclusivamente esculturas de bulto entero. En el primer cuerpo San Pedro, San Clemente sedente y San Pablo, en el segundo San Ferm\u00edn, la Asunci\u00f3n y San Francisco de As\u00eds y en el \u00e1tico el Calvario. Su iconograf\u00eda se ajusta m\u00e1s o menos a la descrita en el contrato del retablo. Son esculturas del siglo XVII, barrocas y de estilo naturalista que conservan la policrom\u00eda original -San Pedro, San Pablo, la Asunci\u00f3n y San Francisco de As\u00eds. El sagrario es tambi\u00e9n de la \u00e9poca con puerta con orejetas entre columnas de fuste vibrante y el relieve repintado del Salvador.<\/p>\n<p><em>Lado de la Ep\u00edstola<\/em><\/p>\n<p>Aqu\u00ed hay una imagen de San Adri\u00e1n (84) barroca de mediados del siglo XVII que procede de la ermita, junto a ia puerta una pila aguabenditera del siglo XVII con-ruste cil\u00edndrico con bocel superior y capitel plano cuadrado y moldurado, y taza avenerada.<\/p>\n<p><em>Sacrist\u00eda<\/em><\/p>\n<p>Ocupa uno de sus lados un lavabo barroco con pila avenerada y cuerpo con recuadramiento moldurado, front\u00f3n partido y cruz, entre dos bolas.<br \/>\nSe guardan aqu\u00ed las esculturas en madera de la Virgen con el Ni\u00f1o (88) barroca del siglo XVIII, talla erguida igual que las de Unanua y Torrano; una imanen -de Santa Luc\u00eda (80), renacentista del siglo XVI con policrom\u00eda del siglo XVIII y una talla de la Virgen del Rosario del siglo XX. Tambi\u00e9n queda un busto, fragmento de una Virgen g\u00f3tica del siglo XIV (L\u00e1m. 596).<br \/>\n.Se conservan algunas piezas de plater\u00eda, entre ellas dos c\u00e1lices de plata, los dos del siglo XIX. Uno (26&#8217;5) con nudo troncoc\u00f3mco y decoraci\u00f3n de cordoncillo en las aristas con las marcas de PP coronada, M\/IRI\/ZIBAR y 818 correspondientes a Pamplona, al platero Miguel Yrizibar y 1818. El otro (24) igual que el anterior en su estructura y copa del siglo XVII. Un hostiario de plata barroco, liso. Dos relicarios de plata del siglo XIX, de San Clemente (26*5) y de San Adri\u00e1n (23), cipo ostensorio con nudo de pera alargado. Ambos presentan en la pesta\u00f1a de la base la marca UNSAIN. Por \u00faltimo una vinajera (1T5) de plata del siglo XIX de boca sinuosa y asa recta con decoraci\u00f3n de hojas lanceoladas,<\/p>\n<p><strong>Ermita de San Donato<\/strong><\/p>\n<p>Se levanta esta ermita en el centro del pueblo, junto a la carretera que lo atraviesa. Es de planta rectangular, formada por una sola nave de cabecera recta (Fig. 325); el edificio fue restaurado recientemente como se aprecia en sus muros enlucidos y en el aspecto renovado de su cubierta de madera a dos aguas sobre tijeras. Junto al presbiterio, por el lado sur, se incluye una peque\u00f1a ventana recta que ilumina el interior. Al exterior, se observa que la ermita .asienta en un ligero desnivel de terreno y ofrece muros enlucidos macizos con cadenas de sillar en las esquinas. Como ingreso, existe una puerta de arco rebajado abierta en el lado \u00abde la Ep\u00edstola junto a la ventana recta y en el muro cestero sobresale una sencilla espada\u00f1a.<\/p>\n<p><em>Presbiterio<\/em><\/p>\n<p align=\"left\">Un retablo barroco de la segunda mitad del siglo XVII se ajusta a la cabecera; su mazoner\u00eda consta de un banco y un cuerpo con hornacina central entre dientes de frutos y remate con tarjet\u00f3n central. En ella, se cobija una talla de] titular, San Donato (100), renacentista del segundo tercio del siglo XVI (L\u00e1m. 597), en posici\u00f3n erguida y en \u00abcontraposto\u00bb con un rostro de rasgos expresivos. Su policrom\u00eda, al igual que la del retablo, ha sido renovada.<\/p>\n<p align=\"center\"><em><span style=\"font-size: xx-small;\">Fig. 325. LIZARRAGA. Ermita de San Donato.<\/span><\/em><\/p>\n<p><strong>Ermita de San Miguel<\/strong><\/p>\n<p>Emplazada en lo alto del caser\u00edo, a la salida.-del pueblo en direcci\u00f3n al t\u00fanel de Lizarraga. Su planta describe una nave rectangular de marcada longitudinalidad con cabecera recta y un peque\u00f1o ensanche a su altura por el lado de la Ep\u00edstola.<\/p>\n<p align=\"center\"><em><span style=\"font-size: xx-small;\">Fig. 326. LIZARRAGA. Ermita, de San Miguel.<\/span><\/em><\/p>\n<p>(Fig. 326). En altura desarrolla muros enlucidos que se cubren con una techumbre de madera a dos aguas salvo los de la cabecera que lo hacen a cielo raso. Como iluminaci\u00f3n una sola ventana, abierta en. el ensanchamiento de la cabecera por el lado de la Ep\u00edstola. La misma sencillez preside el exterior, con muros enlucidos lisos excepto en el lado meridional, donde se ha practicado la puerta de medio punto. A los pies quedan restos de una construcci\u00f3n de sillarejo que se hallaba adosada.<\/p>\n<p><em>Presbiterio<\/em><\/p>\n<p>Se adapta a la cabecera un cosco retablo barroco formado por un banco de tableros entre m\u00e9nsulas avolutadas y un cuerpo de columnas salom\u00f3nicas y dobles pilastras retranqueadas con pinjantes. Toda la mazoner\u00eda se recubre de una policrom\u00eda moderna, La calla del titular es nueva ya que la original se custodia en. la parroquia.<br \/>\nJunto a la puerta de ingreso se empotra una peque\u00f1a pila aguabenditera, de taza semiesf\u00e9rica gallonada.<\/p>\n<p><strong>Ermita de San Mart\u00edn<\/strong><\/p>\n<p align=\"left\">Este edificio de car\u00e1cter rural se localiza a unos tres kil\u00f3metros del pueblo en direcci\u00f3n a Bacaicoa, Se concreta en una planta rectangular de testero recto cuyos muros al interior enlucidos quedan protegidos por una cubierta de madera a dos aguas (Fig. 327). Este espacio se encuentra iluminado por dos ventanas rectas.<\/p>\n<p align=\"center\"><em><span style=\"font-size: xx-small;\">Fig. 327, LIZARRAGA. Ermita de San Mart\u00edn.<\/span><\/em><\/p>\n<p>Abocinadas practicadas, una de ellas en el lado de la Ep\u00edstola pr\u00f3xima a la cabecera, y la otra en el muro hastial. El exterior ofrece tambi\u00e9n muros enlucidos con cadenas de sillar en las esquinas y puerta adintelada de ingreso en el lado del Evangelio. El edificio queda rematado en una sencilla cruz de piedra.<\/p>\n<p><em>Presbiterio<\/em><\/p>\n<p>Adosado al muro cestero se localiza el retablo de San Mart\u00edn, renacentista de fines del siglo XVI, estructurado por pilastras que incorporan grutescos en sus frentes y se elevan sobre grandes pedestales con cartelas de cueros. Alberga en su caja el grupo de San Mart\u00edn a caballo partiendo la capa con el pobre, la talla de este \u00falumo en avanzado esudo de deterioro, de estilo barroco popular. La policrom\u00eda ha sido renovada en el siglo XIX en colores planos.<\/p>\n<p><strong>Ermita de San Adri\u00e1n<\/strong><\/p>\n<p>En lo alto de la sierra de Urbasa junto a un profundo cortado, dominando un bello paraje se sit\u00faa esta construcci\u00f3n de tipo rural, caracterizada por una planta rectangular en la que se incluye la cabecera recta, muros de sillarejo y cubierta a doble vertiente, de madera sobre tijeras (Fig. 328). La iluminaci\u00f3n resulta insuficiente a trav\u00e9s de una sola ventana recta abocinada en el lado de la Ep\u00edstola que se encuentra pr\u00f3xima a la cabecera. Sin embargo, el edificio se halla enlucido al exterior, dejando a la vista cadenas de sillar en las esquinas, e incluyendo en el lado de la Ep\u00edstola, adem\u00e1s de la ventana, una puerta adintelada.<\/p>\n<p align=\"center\"><em><span style=\"font-size: xx-small;\">Fig. 328. LIZARRAGA. Ermita de San Adri\u00e1n.<\/span><\/em><\/p>\n<p>&nbsp;<\/p>\n<h3><strong>ARQUITECTURA CIVIL<\/strong><\/h3>\n<p>El caser\u00edo se distribuye en cuesta encontr\u00e1ndose la iglesia en la parte m\u00e1s baja. Se forman dos barrios, el de arriba, Goico-Carr\u00edca, y el de abajo, Beco-Carrica.<br \/>\nSiguiendo una calle que parte de la iglesia est\u00e1 casa Apezanecua muy restaurada que conserva restos de una puerta de arco rebajado con escudete en la clave y dos ventanitas de arcos conopiales. &#8216;En uno de sus laterales hay otra ventanita conopial y sobre ella otra geminada que ha perdido el parteluz con dobles arquillos de medio punto moldurados. El alero es de piedra moldurado con un escudete con las llaves de San Pedro cruzadas.<br \/>\nEl resto de las casas son en general muy nuevas o restauradas, con fachadas enlucidas, puertas adinteladas y tejado a dos aguas. Cruzando la plaza del pueblo hay una casa nueva con dos niveles y \u00e1tico, puerta de medio punto con cruz en la clave y tres ventanas en el segundo nivel de antepecho moldurado.<\/p>\n<p><\/div><\/div>\n<div class=\"bloque class-col-xs-12\"><a href=\"#localizacion\" class=\"bloque-tab\"> Localizaci\u00f3n<\/a><div class=\"contenido-bloque\" id=\"localizacion\" style=\"display: none;\"><\/p>\n<p style=\"text-align: center;\"><a href=\"http:\/\/www.ergoiena.com\/wp-content\/uploads\/2023\/09\/localizacion_Lizarraga.jpg\"><img loading=\"lazy\" decoding=\"async\" class=\"alignnone wp-image-112 size-full\" src=\"http:\/\/www.ergoiena.com\/wp-content\/uploads\/2023\/09\/localizacion_Lizarraga.jpg\" alt=\"\" width=\"500\" height=\"365\" srcset=\"http:\/\/www.ergoiena.com\/wp-content\/uploads\/2023\/09\/localizacion_Lizarraga.jpg 500w, http:\/\/www.ergoiena.com\/wp-content\/uploads\/2023\/09\/localizacion_Lizarraga-300x219.jpg 300w, http:\/\/www.ergoiena.com\/wp-content\/uploads\/2023\/09\/localizacion_Lizarraga-180x131.jpg 180w, http:\/\/www.ergoiena.com\/wp-content\/uploads\/2023\/09\/localizacion_Lizarraga-400x292.jpg 400w\" sizes=\"auto, (max-width: 500px) 100vw, 500px\" \/><\/a><\/p>\n<p><\/div><\/div>\n","protected":false},"excerpt":{"rendered":"","protected":false},"author":1,"featured_media":0,"parent":96,"menu_order":0,"comment_status":"closed","ping_status":"closed","template":"","meta":{"footnotes":""},"class_list":["post-111","page","type-page","status-publish","hentry"],"_links":{"self":[{"href":"http:\/\/www.ergoiena.com\/es\/wp-json\/wp\/v2\/pages\/111","targetHints":{"allow":["GET"]}}],"collection":[{"href":"http:\/\/www.ergoiena.com\/es\/wp-json\/wp\/v2\/pages"}],"about":[{"href":"http:\/\/www.ergoiena.com\/es\/wp-json\/wp\/v2\/types\/page"}],"author":[{"embeddable":true,"href":"http:\/\/www.ergoiena.com\/es\/wp-json\/wp\/v2\/users\/1"}],"replies":[{"embeddable":true,"href":"http:\/\/www.ergoiena.com\/es\/wp-json\/wp\/v2\/comments?post=111"}],"version-history":[{"count":7,"href":"http:\/\/www.ergoiena.com\/es\/wp-json\/wp\/v2\/pages\/111\/revisions"}],"predecessor-version":[{"id":1002,"href":"http:\/\/www.ergoiena.com\/es\/wp-json\/wp\/v2\/pages\/111\/revisions\/1002"}],"up":[{"embeddable":true,"href":"http:\/\/www.ergoiena.com\/es\/wp-json\/wp\/v2\/pages\/96"}],"wp:attachment":[{"href":"http:\/\/www.ergoiena.com\/es\/wp-json\/wp\/v2\/media?parent=111"}],"curies":[{"name":"wp","href":"https:\/\/api.w.org\/{rel}","templated":true}]}}