{"id":1146,"date":"2024-06-17T10:11:48","date_gmt":"2024-06-17T08:11:48","guid":{"rendered":"http:\/\/www.ergoiena.com\/?page_id=1146"},"modified":"2025-10-22T11:38:07","modified_gmt":"2025-10-22T09:38:07","slug":"proyectos-europeos","status":"publish","type":"page","link":"http:\/\/www.ergoiena.com\/es\/proyectos-europeos\/","title":{"rendered":"PROYECTOS EUROPEOS"},"content":{"rendered":"<p><strong>FONDOS NEXT GENERATION EU EN EL MARCO DEL PLAN DE RECUPERACI\u00d3N, TRANSFORMACI\u00d3N Y RESILIENCIA (PRTR)<\/strong><\/p>\n<p><img loading=\"lazy\" decoding=\"async\" class=\"alignnone wp-image-968\" src=\"http:\/\/www.ergoiena.com\/wp-content\/uploads\/2023\/11\/Logo_de_la_Presidencia_del_Gobierno-300x93.png\" alt=\"\" width=\"232\" height=\"72\" srcset=\"http:\/\/www.ergoiena.com\/wp-content\/uploads\/2023\/11\/Logo_de_la_Presidencia_del_Gobierno-300x93.png 300w, http:\/\/www.ergoiena.com\/wp-content\/uploads\/2023\/11\/Logo_de_la_Presidencia_del_Gobierno-1024x317.png 1024w, http:\/\/www.ergoiena.com\/wp-content\/uploads\/2023\/11\/Logo_de_la_Presidencia_del_Gobierno-768x238.png 768w, http:\/\/www.ergoiena.com\/wp-content\/uploads\/2023\/11\/Logo_de_la_Presidencia_del_Gobierno-1536x475.png 1536w, http:\/\/www.ergoiena.com\/wp-content\/uploads\/2023\/11\/Logo_de_la_Presidencia_del_Gobierno-780x241.png 780w, http:\/\/www.ergoiena.com\/wp-content\/uploads\/2023\/11\/Logo_de_la_Presidencia_del_Gobierno-180x56.png 180w, http:\/\/www.ergoiena.com\/wp-content\/uploads\/2023\/11\/Logo_de_la_Presidencia_del_Gobierno-400x124.png 400w, http:\/\/www.ergoiena.com\/wp-content\/uploads\/2023\/11\/Logo_de_la_Presidencia_del_Gobierno.png 2000w\" sizes=\"auto, (max-width: 232px) 100vw, 232px\" \/> <img loading=\"lazy\" decoding=\"async\" class=\"alignnone wp-image-966\" src=\"http:\/\/www.ergoiena.com\/wp-content\/uploads\/2023\/11\/LOGO-COLOR-300x169.jpg\" alt=\"\" width=\"201\" height=\"107\" \/> <img loading=\"lazy\" decoding=\"async\" class=\"alignnone wp-image-964\" src=\"http:\/\/www.ergoiena.com\/wp-content\/uploads\/2023\/11\/ES_FundedbytheEU_RGB_POS-300x73.png\" alt=\"\" width=\"268\" height=\"54\" \/><\/p>\n<div class=\"wp-block-buttons is-layout-flex wp-block-buttons-is-layout-flex\">\n<h2 class=\"wp-block-heading\">POL\u00cdTICA ANTIFRAUDE<\/h2>\n<\/div>\n<p class=\"wp-block-heading\"><strong>Canal Denuncias Antifraude<\/strong><\/p>\n<p class=\"has-medium-font-size\">Si desea denunciar hechos que puedan ser constitutivos de fraude o irregularidad en relaci\u00f3n con proyectos u operaciones financiados con cargo a fondos procedentes de la Uni\u00f3n Europea, puede utilizar el canal habilitado al efecto por el Ayuntamiento de Ergoiena, y al que se puede acceder remitiendo un email a la siguiente direcci\u00f3n:<\/p>\n<p class=\"has-medium-font-size\">Igualmente, se informa que adem\u00e1s de los procedimientos establecidos en este mismo documento, cualquier ciudadano o empleado p\u00fablico, podr\u00e1 comunicar hechos presuntamente fraudulentos al SNCA, a trav\u00e9s del canal de denuncias externo \u201cInfofraude\u201d, habilitado al efecto por dicho servicio en la direcci\u00f3n web: <strong><a href=\"http:\/\/www.ergoiena.com\/es\/buzon-de-denuncias\/\">Buz\u00f3n de denuncias<\/a><\/strong><\/p>\n<ul>\n<li class=\"has-medium-font-size\"><a href=\"https:\/\/www.igae.pap.hacienda.gob.es\/sitios\/igae\/es-ES\/snca\/Paginas\/ComunicacionSNCA.aspx\" target=\"_blank\" rel=\"noopener\"><strong>Comunicaci\u00f3n de informaci\u00f3n sobre fraudes o irregularidades que afecten a fondos europeos.<\/strong><\/a><\/li>\n<\/ul>\n<h2 class=\"wp-block-heading\">Documentos<\/h2>\n<p class=\"has-medium-font-size\">La Pol\u00edtica Antifraude en el marco del Plan de Recuperaci\u00f3n, Transformaci\u00f3n y Resiliencia (PRTR) y de los fondos NGEU fue aprobada en sesi\u00f3n de pleno extraordinario del Ayuntamiento de Ergoiena con fecha 9 de agosto, por revisi\u00f3n del anterior Plan aprobado en sesi\u00f3n de pleno extraordinario y urgente, con fecha 25 de mayo de 2023.<\/p>\n<ul>\n<li><strong><a href=\"http:\/\/www.ergoiena.com\/wp-content\/uploads\/2025\/06\/Plan-de-Medidas-Antifraude-1.pdf\">PLAN DE MEDIDAS ANTIFRAUDE DEL AYUNTAMIENTO DE ERGOIENA APROBADO POR ACUERDO PLENARIO DE FECHA 31 DE JULIO DE 2023<\/a><\/strong><\/li>\n<li><a href=\"http:\/\/www.ergoiena.com\/wp-content\/uploads\/2025\/07\/ACTA-REUNION-COMITE-ANTIFRAUDE-21-11-23.pdf\">ACTA REUNION COMITE ANTIFRAUDE 21-11-23<\/a><\/li>\n<li><strong><a href=\"http:\/\/www.ergoiena.com\/wp-content\/uploads\/2025\/06\/AUTOEVALUACION-_ABRIL-2024.pdf\">ANALISIS DE FECHA 10\/04\/2024 ANEXO 5 PLAN ANTIFRAUDE<\/a><\/strong><\/li>\n<li><strong><a href=\"http:\/\/www.ergoiena.com\/wp-content\/uploads\/2025\/06\/AUTOEVALUACION-_-JUNIO-2025.pdf\">ANALISIS DE FECHA 19\/06\/2025 ANEXO 5 PLAN ANTIFRAUDE<\/a><\/strong><\/li>\n<\/ul>\n<h2>Subvenciones recibidas por el ayuntamiento de Ergoiena y Concejos<\/h2>\n<p>&nbsp;<\/p>\n<h4><strong>Proyecto de autoconsumo energ\u00e9tico en Dorrao<\/strong><\/h4>\n<p><img loading=\"lazy\" decoding=\"async\" class=\"alignnone wp-image-1160 size-full\" src=\"http:\/\/www.ergoiena.com\/wp-content\/uploads\/2024\/06\/CARTEL-DUS5000_page-0001.jpg\" alt=\"\" width=\"1754\" height=\"1241\" srcset=\"http:\/\/www.ergoiena.com\/wp-content\/uploads\/2024\/06\/CARTEL-DUS5000_page-0001.jpg 1754w, http:\/\/www.ergoiena.com\/wp-content\/uploads\/2024\/06\/CARTEL-DUS5000_page-0001-300x212.jpg 300w, http:\/\/www.ergoiena.com\/wp-content\/uploads\/2024\/06\/CARTEL-DUS5000_page-0001-1024x725.jpg 1024w, http:\/\/www.ergoiena.com\/wp-content\/uploads\/2024\/06\/CARTEL-DUS5000_page-0001-768x543.jpg 768w, http:\/\/www.ergoiena.com\/wp-content\/uploads\/2024\/06\/CARTEL-DUS5000_page-0001-1536x1087.jpg 1536w, http:\/\/www.ergoiena.com\/wp-content\/uploads\/2024\/06\/CARTEL-DUS5000_page-0001-780x552.jpg 780w, http:\/\/www.ergoiena.com\/wp-content\/uploads\/2024\/06\/CARTEL-DUS5000_page-0001-180x127.jpg 180w, http:\/\/www.ergoiena.com\/wp-content\/uploads\/2024\/06\/CARTEL-DUS5000_page-0001-400x283.jpg 400w\" sizes=\"auto, (max-width: 1754px) 100vw, 1754px\" \/><\/p>\n<p><strong>Autokontsumo elektrikoko proiektu honen bidez, plaka fotovoltaikoak jarriko dira hainbat udal eraikinetako hiru teilatuetan, litiozko bateriez osatutako metatze-sistema batekin energia elektrikoa sortzeko.<\/strong><\/p>\n<p><strong>Instalazioa autokontsumorako egiten da udal-titulartasuneko hainbat establezimendutan (Kontzejuaren eraikina, Gizarte Zentroa, frontoia, mediku-kontsultategia eta bulegoa) eta udal-jabetzako instalazioetan (argiteria publikoa).<\/strong><\/p>\n<p><strong>Guztira, 55,8 kWp dira plaka fotovoltaikoetan eta 110 kWh metaketan.<\/strong><\/p>\n<p>Este proyecto de autoconsumo el\u00e9ctrico consiste en la implantaci\u00f3n de placas fotovoltaicas en\u00a0 tejados de edificios municipales para generaci\u00f3n de energ\u00eda el\u00e9ctrica con un sistema de acumulaci\u00f3n compuesto por bater\u00edas de litio.<\/p>\n<p>La instalaci\u00f3n se ejecuta para autoconsumo en varios establecimientos de titularidad municipal (Edificio del Concejo, Centro Social, front\u00f3n, consultorio m\u00e9dico y oficina) e instalaciones de propiedad municipal (alumbrado p\u00fablico).<\/p>\n<p>Son 55,8 kWp en placas fotovoltaicas y 110 kWh en acumulaci\u00f3n.<\/p>\n<p style=\"text-align: center;\"><a href=\"http:\/\/www.ergoiena.com\/wp-content\/uploads\/2024\/07\/AUTOCONSUMO-DORRAO-2023.pdf\">AUTOCONSUMO DORRAO 2023<\/a><\/p>\n<p style=\"text-align: center;\"><a href=\"https:\/\/drive.google.com\/file\/d\/1RKcPN5x3AJRLpJ4Bx2PvP-34GDYNvovS\/view?usp=drive_web\">VIDEO PROYECTO AUTOCONSUMO:\u00a0 Dorrao pv 1.3.mp4<\/a><\/p>\n<p style=\"text-align: center;\"><strong><a href=\"http:\/\/www.ergoiena.com\/wp-content\/uploads\/2024\/06\/CARTEL-DUS5000.pdf\">CARTEL DUS5000<\/a><\/strong><\/p>\n<p style=\"text-align: center;\"><a href=\"http:\/\/www.ergoiena.com\/wp-content\/uploads\/2025\/02\/Plan-estratgico-del-proyecto-integral-del-Concejo-de-Dorrao.pdf\">Plan estrat\u00e9<\/a><a href=\"http:\/\/www.ergoiena.com\/wp-content\/uploads\/2025\/02\/Plan-estratgico-del-proyecto-integral-del-Concejo-de-Dorrao.pdf\">gico del proyecto integral del Concejo de Dorrao<\/a><\/p>\n<p style=\"text-align: left;\"><strong>INFORMACI\u00d3N DE PRODUCCI\u00d3N ENERG\u00c9TICA<\/strong>: <a href=\"https:\/\/b2ckostal.b2clogin.com\/b2ckostal.onmicrosoft.com\/b2c_1a_signin\/oauth2\/v2.0\/authorize?client_id=4db04ad0-3096-4b89-9e88-ac5c1a090014&amp;scope=openid%20profile%20offline_access&amp;redirect_uri=https%3A%2F%2Fkostal-solar-portal.com&amp;client-request-id=f1531362-4292-4446-adb4-528afdcad3ee&amp;response_mode=fragment&amp;response_type=code&amp;x-client-SKU=msal.js.browser&amp;x-client-VER=3.6.0&amp;client_info=1&amp;code_challenge=-OigezOR1Mgis5Fm-TY3lB0_cV_3OaGKTsQi22qvh3U&amp;code_challenge_method=S256&amp;nonce=01e40777-7eb5-4681-8003-95229b2976b9&amp;state=eyJpZCI6ImU1NTFmNjQ1LTFmN2UtNGQ3Ny05ODAyLWJmZmNjMThlMTIyZCIsIm1ldGEiOnsiaW50ZXJhY3Rpb25UeXBlIjoicmVkaXJlY3QifX0%3D\">KOSTAL Solar Terminal<\/a><\/p>\n<p>Direcci\u00f3n de correo electr\u00f3nico: <a href=\"mailto:dorraukokonzejua@gmail.com\">dorraoeguzki@gmail.com<\/a><br \/>\nContrase\u00f1a: Dorrao2024<\/p>\n<p>&nbsp;<\/p>\n<h4><strong>Proyecto punto de encuentro en Unanu<\/strong><\/h4>\n<p>2025EKO IRAILAREN OBREN ARGAZKIAK \/ FOTOGRAF\u00cdAS OBRAS SEPTIEMBRE 2025:<\/p>\n<p><img loading=\"lazy\" decoding=\"async\" class=\"alignnone size-medium wp-image-1411\" src=\"http:\/\/www.ergoiena.com\/wp-content\/uploads\/2025\/09\/WhatsApp-Image-2025-09-17-at-18.25.01-1-300x225.jpeg\" alt=\"\" width=\"300\" height=\"225\" srcset=\"http:\/\/www.ergoiena.com\/wp-content\/uploads\/2025\/09\/WhatsApp-Image-2025-09-17-at-18.25.01-1-300x225.jpeg 300w, http:\/\/www.ergoiena.com\/wp-content\/uploads\/2025\/09\/WhatsApp-Image-2025-09-17-at-18.25.01-1-1024x768.jpeg 1024w, http:\/\/www.ergoiena.com\/wp-content\/uploads\/2025\/09\/WhatsApp-Image-2025-09-17-at-18.25.01-1-768x576.jpeg 768w, http:\/\/www.ergoiena.com\/wp-content\/uploads\/2025\/09\/WhatsApp-Image-2025-09-17-at-18.25.01-1-1536x1152.jpeg 1536w, http:\/\/www.ergoiena.com\/wp-content\/uploads\/2025\/09\/WhatsApp-Image-2025-09-17-at-18.25.01-1-780x585.jpeg 780w, http:\/\/www.ergoiena.com\/wp-content\/uploads\/2025\/09\/WhatsApp-Image-2025-09-17-at-18.25.01-1-180x135.jpeg 180w, http:\/\/www.ergoiena.com\/wp-content\/uploads\/2025\/09\/WhatsApp-Image-2025-09-17-at-18.25.01-1-400x300.jpeg 400w, http:\/\/www.ergoiena.com\/wp-content\/uploads\/2025\/09\/WhatsApp-Image-2025-09-17-at-18.25.01-1.jpeg 1600w\" sizes=\"auto, (max-width: 300px) 100vw, 300px\" \/> <img loading=\"lazy\" decoding=\"async\" class=\"alignnone size-medium wp-image-1413\" src=\"http:\/\/www.ergoiena.com\/wp-content\/uploads\/2025\/09\/WhatsApp-Image-2025-09-17-at-18.25.01-2-300x225.jpeg\" alt=\"\" width=\"300\" height=\"225\" srcset=\"http:\/\/www.ergoiena.com\/wp-content\/uploads\/2025\/09\/WhatsApp-Image-2025-09-17-at-18.25.01-2-300x225.jpeg 300w, http:\/\/www.ergoiena.com\/wp-content\/uploads\/2025\/09\/WhatsApp-Image-2025-09-17-at-18.25.01-2-1024x768.jpeg 1024w, http:\/\/www.ergoiena.com\/wp-content\/uploads\/2025\/09\/WhatsApp-Image-2025-09-17-at-18.25.01-2-768x576.jpeg 768w, http:\/\/www.ergoiena.com\/wp-content\/uploads\/2025\/09\/WhatsApp-Image-2025-09-17-at-18.25.01-2-1536x1152.jpeg 1536w, http:\/\/www.ergoiena.com\/wp-content\/uploads\/2025\/09\/WhatsApp-Image-2025-09-17-at-18.25.01-2-780x585.jpeg 780w, http:\/\/www.ergoiena.com\/wp-content\/uploads\/2025\/09\/WhatsApp-Image-2025-09-17-at-18.25.01-2-180x135.jpeg 180w, http:\/\/www.ergoiena.com\/wp-content\/uploads\/2025\/09\/WhatsApp-Image-2025-09-17-at-18.25.01-2-400x300.jpeg 400w, http:\/\/www.ergoiena.com\/wp-content\/uploads\/2025\/09\/WhatsApp-Image-2025-09-17-at-18.25.01-2.jpeg 1600w\" sizes=\"auto, (max-width: 300px) 100vw, 300px\" \/> <img loading=\"lazy\" decoding=\"async\" class=\"alignnone size-medium wp-image-1415\" src=\"http:\/\/www.ergoiena.com\/wp-content\/uploads\/2025\/09\/WhatsApp-Image-2025-09-17-at-18.25.01-3-300x225.jpeg\" alt=\"\" width=\"300\" height=\"225\" srcset=\"http:\/\/www.ergoiena.com\/wp-content\/uploads\/2025\/09\/WhatsApp-Image-2025-09-17-at-18.25.01-3-300x225.jpeg 300w, http:\/\/www.ergoiena.com\/wp-content\/uploads\/2025\/09\/WhatsApp-Image-2025-09-17-at-18.25.01-3-1024x768.jpeg 1024w, http:\/\/www.ergoiena.com\/wp-content\/uploads\/2025\/09\/WhatsApp-Image-2025-09-17-at-18.25.01-3-768x576.jpeg 768w, http:\/\/www.ergoiena.com\/wp-content\/uploads\/2025\/09\/WhatsApp-Image-2025-09-17-at-18.25.01-3-1536x1152.jpeg 1536w, http:\/\/www.ergoiena.com\/wp-content\/uploads\/2025\/09\/WhatsApp-Image-2025-09-17-at-18.25.01-3-780x585.jpeg 780w, http:\/\/www.ergoiena.com\/wp-content\/uploads\/2025\/09\/WhatsApp-Image-2025-09-17-at-18.25.01-3-180x135.jpeg 180w, http:\/\/www.ergoiena.com\/wp-content\/uploads\/2025\/09\/WhatsApp-Image-2025-09-17-at-18.25.01-3-400x300.jpeg 400w, http:\/\/www.ergoiena.com\/wp-content\/uploads\/2025\/09\/WhatsApp-Image-2025-09-17-at-18.25.01-3.jpeg 2048w\" sizes=\"auto, (max-width: 300px) 100vw, 300px\" \/> <img loading=\"lazy\" decoding=\"async\" class=\"alignnone size-medium wp-image-1417\" src=\"http:\/\/www.ergoiena.com\/wp-content\/uploads\/2025\/09\/WhatsApp-Image-2025-09-17-at-18.25.01-300x225.jpeg\" alt=\"\" width=\"300\" height=\"225\" srcset=\"http:\/\/www.ergoiena.com\/wp-content\/uploads\/2025\/09\/WhatsApp-Image-2025-09-17-at-18.25.01-300x225.jpeg 300w, http:\/\/www.ergoiena.com\/wp-content\/uploads\/2025\/09\/WhatsApp-Image-2025-09-17-at-18.25.01-1024x768.jpeg 1024w, http:\/\/www.ergoiena.com\/wp-content\/uploads\/2025\/09\/WhatsApp-Image-2025-09-17-at-18.25.01-768x576.jpeg 768w, http:\/\/www.ergoiena.com\/wp-content\/uploads\/2025\/09\/WhatsApp-Image-2025-09-17-at-18.25.01-1536x1152.jpeg 1536w, http:\/\/www.ergoiena.com\/wp-content\/uploads\/2025\/09\/WhatsApp-Image-2025-09-17-at-18.25.01-780x585.jpeg 780w, http:\/\/www.ergoiena.com\/wp-content\/uploads\/2025\/09\/WhatsApp-Image-2025-09-17-at-18.25.01-180x135.jpeg 180w, http:\/\/www.ergoiena.com\/wp-content\/uploads\/2025\/09\/WhatsApp-Image-2025-09-17-at-18.25.01-400x300.jpeg 400w, http:\/\/www.ergoiena.com\/wp-content\/uploads\/2025\/09\/WhatsApp-Image-2025-09-17-at-18.25.01.jpeg 1600w\" sizes=\"auto, (max-width: 300px) 100vw, 300px\" \/> <img loading=\"lazy\" decoding=\"async\" class=\"alignnone size-medium wp-image-1419\" src=\"http:\/\/www.ergoiena.com\/wp-content\/uploads\/2025\/09\/WhatsApp-Image-2025-09-18-at-09.35.36-300x225.jpeg\" alt=\"\" width=\"300\" height=\"225\" srcset=\"http:\/\/www.ergoiena.com\/wp-content\/uploads\/2025\/09\/WhatsApp-Image-2025-09-18-at-09.35.36-300x225.jpeg 300w, http:\/\/www.ergoiena.com\/wp-content\/uploads\/2025\/09\/WhatsApp-Image-2025-09-18-at-09.35.36-1024x768.jpeg 1024w, http:\/\/www.ergoiena.com\/wp-content\/uploads\/2025\/09\/WhatsApp-Image-2025-09-18-at-09.35.36-768x576.jpeg 768w, http:\/\/www.ergoiena.com\/wp-content\/uploads\/2025\/09\/WhatsApp-Image-2025-09-18-at-09.35.36-1536x1152.jpeg 1536w, http:\/\/www.ergoiena.com\/wp-content\/uploads\/2025\/09\/WhatsApp-Image-2025-09-18-at-09.35.36-780x585.jpeg 780w, http:\/\/www.ergoiena.com\/wp-content\/uploads\/2025\/09\/WhatsApp-Image-2025-09-18-at-09.35.36-180x135.jpeg 180w, http:\/\/www.ergoiena.com\/wp-content\/uploads\/2025\/09\/WhatsApp-Image-2025-09-18-at-09.35.36-400x300.jpeg 400w, http:\/\/www.ergoiena.com\/wp-content\/uploads\/2025\/09\/WhatsApp-Image-2025-09-18-at-09.35.36.jpeg 1600w\" sizes=\"auto, (max-width: 300px) 100vw, 300px\" \/><img loading=\"lazy\" decoding=\"async\" class=\"wp-image-1422 alignnone\" src=\"http:\/\/www.ergoiena.com\/wp-content\/uploads\/2025\/09\/EXPLANADA-135x300.jpg\" alt=\"\" width=\"109\" height=\"242\" srcset=\"http:\/\/www.ergoiena.com\/wp-content\/uploads\/2025\/09\/EXPLANADA-135x300.jpg 135w, http:\/\/www.ergoiena.com\/wp-content\/uploads\/2025\/09\/EXPLANADA-461x1024.jpg 461w, http:\/\/www.ergoiena.com\/wp-content\/uploads\/2025\/09\/EXPLANADA-768x1708.jpg 768w, http:\/\/www.ergoiena.com\/wp-content\/uploads\/2025\/09\/EXPLANADA-691x1536.jpg 691w, http:\/\/www.ergoiena.com\/wp-content\/uploads\/2025\/09\/EXPLANADA-780x1734.jpg 780w, http:\/\/www.ergoiena.com\/wp-content\/uploads\/2025\/09\/EXPLANADA-180x400.jpg 180w, http:\/\/www.ergoiena.com\/wp-content\/uploads\/2025\/09\/EXPLANADA-400x889.jpg 400w, http:\/\/www.ergoiena.com\/wp-content\/uploads\/2025\/09\/EXPLANADA.jpg 921w\" sizes=\"auto, (max-width: 109px) 100vw, 109px\" \/><\/p>\n<p>&nbsp;<\/p>\n<p>&nbsp;<\/p>\n<p><strong>ABERE AZPIEGITUREN HOBEKUNTZA PROIEKTUA LIZARRAGAN<\/strong><\/p>\n<p><strong>PROYECTO DE MEJORA DE INFRAESTRUCTURAS GANADERAS EN LIZARRAGA<\/strong><\/p>\n<p><a href=\"http:\/\/www.ergoiena.com\/wp-content\/uploads\/2025\/09\/Cartel-Lizarraga-AIG-v2.pdf\">Cartel Lizarraga AIG v2<\/a><\/p>\n<p><img loading=\"lazy\" decoding=\"async\" class=\"alignnone size-medium wp-image-1437\" src=\"http:\/\/www.ergoiena.com\/wp-content\/uploads\/2025\/10\/1000127386-300x169.jpg\" alt=\"\" width=\"300\" height=\"169\" srcset=\"http:\/\/www.ergoiena.com\/wp-content\/uploads\/2025\/10\/1000127386-300x169.jpg 300w, http:\/\/www.ergoiena.com\/wp-content\/uploads\/2025\/10\/1000127386-1024x578.jpg 1024w, http:\/\/www.ergoiena.com\/wp-content\/uploads\/2025\/10\/1000127386-768x433.jpg 768w, http:\/\/www.ergoiena.com\/wp-content\/uploads\/2025\/10\/1000127386-1536x866.jpg 1536w, http:\/\/www.ergoiena.com\/wp-content\/uploads\/2025\/10\/1000127386-2048x1155.jpg 2048w, http:\/\/www.ergoiena.com\/wp-content\/uploads\/2025\/10\/1000127386-780x440.jpg 780w, http:\/\/www.ergoiena.com\/wp-content\/uploads\/2025\/10\/1000127386-180x102.jpg 180w, http:\/\/www.ergoiena.com\/wp-content\/uploads\/2025\/10\/1000127386-400x226.jpg 400w\" sizes=\"auto, (max-width: 300px) 100vw, 300px\" \/> <img loading=\"lazy\" decoding=\"async\" class=\"alignnone size-medium wp-image-1439\" src=\"http:\/\/www.ergoiena.com\/wp-content\/uploads\/2025\/10\/1000127387-300x169.jpg\" alt=\"\" width=\"300\" height=\"169\" srcset=\"http:\/\/www.ergoiena.com\/wp-content\/uploads\/2025\/10\/1000127387-300x169.jpg 300w, http:\/\/www.ergoiena.com\/wp-content\/uploads\/2025\/10\/1000127387-1024x578.jpg 1024w, http:\/\/www.ergoiena.com\/wp-content\/uploads\/2025\/10\/1000127387-768x433.jpg 768w, http:\/\/www.ergoiena.com\/wp-content\/uploads\/2025\/10\/1000127387-1536x866.jpg 1536w, http:\/\/www.ergoiena.com\/wp-content\/uploads\/2025\/10\/1000127387-2048x1155.jpg 2048w, http:\/\/www.ergoiena.com\/wp-content\/uploads\/2025\/10\/1000127387-780x440.jpg 780w, http:\/\/www.ergoiena.com\/wp-content\/uploads\/2025\/10\/1000127387-180x102.jpg 180w, http:\/\/www.ergoiena.com\/wp-content\/uploads\/2025\/10\/1000127387-400x226.jpg 400w\" sizes=\"auto, (max-width: 300px) 100vw, 300px\" \/> <img loading=\"lazy\" decoding=\"async\" class=\"alignnone size-medium wp-image-1394\" src=\"http:\/\/www.ergoiena.com\/wp-content\/uploads\/2025\/09\/WhatsApp-Image-2025-09-05-at-08.45.33-2-225x300.jpeg\" alt=\"\" width=\"225\" height=\"300\" srcset=\"http:\/\/www.ergoiena.com\/wp-content\/uploads\/2025\/09\/WhatsApp-Image-2025-09-05-at-08.45.33-2-225x300.jpeg 225w, http:\/\/www.ergoiena.com\/wp-content\/uploads\/2025\/09\/WhatsApp-Image-2025-09-05-at-08.45.33-2-768x1024.jpeg 768w, http:\/\/www.ergoiena.com\/wp-content\/uploads\/2025\/09\/WhatsApp-Image-2025-09-05-at-08.45.33-2-1152x1536.jpeg 1152w, http:\/\/www.ergoiena.com\/wp-content\/uploads\/2025\/09\/WhatsApp-Image-2025-09-05-at-08.45.33-2-780x1040.jpeg 780w, http:\/\/www.ergoiena.com\/wp-content\/uploads\/2025\/09\/WhatsApp-Image-2025-09-05-at-08.45.33-2-180x240.jpeg 180w, http:\/\/www.ergoiena.com\/wp-content\/uploads\/2025\/09\/WhatsApp-Image-2025-09-05-at-08.45.33-2-400x533.jpeg 400w, http:\/\/www.ergoiena.com\/wp-content\/uploads\/2025\/09\/WhatsApp-Image-2025-09-05-at-08.45.33-2.jpeg 1530w\" sizes=\"auto, (max-width: 225px) 100vw, 225px\" \/> <img loading=\"lazy\" decoding=\"async\" class=\"alignnone size-medium wp-image-1396\" src=\"http:\/\/www.ergoiena.com\/wp-content\/uploads\/2025\/09\/WhatsApp-Image-2025-09-05-at-08.45.33-1-225x300.jpeg\" alt=\"\" width=\"225\" height=\"300\" srcset=\"http:\/\/www.ergoiena.com\/wp-content\/uploads\/2025\/09\/WhatsApp-Image-2025-09-05-at-08.45.33-1-225x300.jpeg 225w, http:\/\/www.ergoiena.com\/wp-content\/uploads\/2025\/09\/WhatsApp-Image-2025-09-05-at-08.45.33-1-768x1024.jpeg 768w, http:\/\/www.ergoiena.com\/wp-content\/uploads\/2025\/09\/WhatsApp-Image-2025-09-05-at-08.45.33-1-1152x1536.jpeg 1152w, http:\/\/www.ergoiena.com\/wp-content\/uploads\/2025\/09\/WhatsApp-Image-2025-09-05-at-08.45.33-1-780x1040.jpeg 780w, http:\/\/www.ergoiena.com\/wp-content\/uploads\/2025\/09\/WhatsApp-Image-2025-09-05-at-08.45.33-1-180x240.jpeg 180w, http:\/\/www.ergoiena.com\/wp-content\/uploads\/2025\/09\/WhatsApp-Image-2025-09-05-at-08.45.33-1-400x533.jpeg 400w, http:\/\/www.ergoiena.com\/wp-content\/uploads\/2025\/09\/WhatsApp-Image-2025-09-05-at-08.45.33-1.jpeg 1536w\" sizes=\"auto, (max-width: 225px) 100vw, 225px\" \/> <img loading=\"lazy\" decoding=\"async\" class=\"alignnone size-medium wp-image-1398\" src=\"http:\/\/www.ergoiena.com\/wp-content\/uploads\/2025\/09\/WhatsApp-Image-2025-09-05-at-08.45.33-225x300.jpeg\" alt=\"\" width=\"225\" height=\"300\" srcset=\"http:\/\/www.ergoiena.com\/wp-content\/uploads\/2025\/09\/WhatsApp-Image-2025-09-05-at-08.45.33-225x300.jpeg 225w, http:\/\/www.ergoiena.com\/wp-content\/uploads\/2025\/09\/WhatsApp-Image-2025-09-05-at-08.45.33-768x1024.jpeg 768w, http:\/\/www.ergoiena.com\/wp-content\/uploads\/2025\/09\/WhatsApp-Image-2025-09-05-at-08.45.33-1152x1536.jpeg 1152w, http:\/\/www.ergoiena.com\/wp-content\/uploads\/2025\/09\/WhatsApp-Image-2025-09-05-at-08.45.33-780x1040.jpeg 780w, http:\/\/www.ergoiena.com\/wp-content\/uploads\/2025\/09\/WhatsApp-Image-2025-09-05-at-08.45.33-180x240.jpeg 180w, http:\/\/www.ergoiena.com\/wp-content\/uploads\/2025\/09\/WhatsApp-Image-2025-09-05-at-08.45.33-400x533.jpeg 400w, http:\/\/www.ergoiena.com\/wp-content\/uploads\/2025\/09\/WhatsApp-Image-2025-09-05-at-08.45.33.jpeg 1536w\" sizes=\"auto, (max-width: 225px) 100vw, 225px\" \/><\/p>\n","protected":false},"excerpt":{"rendered":"<p>FONDOS NEXT GENERATION EU EN EL MARCO DEL PLAN DE RECUPERACI\u00d3N, TRANSFORMACI\u00d3N Y RESILIENCIA (PRTR) POL\u00cdTICA ANTIFRAUDE Canal Denuncias Antifraude Si desea denunciar hechos que puedan ser constitutivos de fraude o irregularidad en relaci\u00f3n con proyectos u operaciones financiados con cargo a fondos procedentes de la Uni\u00f3n Europea, puede utilizar el canal habilitado al efecto [&hellip;]<\/p>\n","protected":false},"author":4,"featured_media":0,"parent":0,"menu_order":0,"comment_status":"closed","ping_status":"closed","template":"","meta":{"footnotes":""},"class_list":["post-1146","page","type-page","status-publish","hentry"],"_links":{"self":[{"href":"http:\/\/www.ergoiena.com\/es\/wp-json\/wp\/v2\/pages\/1146","targetHints":{"allow":["GET"]}}],"collection":[{"href":"http:\/\/www.ergoiena.com\/es\/wp-json\/wp\/v2\/pages"}],"about":[{"href":"http:\/\/www.ergoiena.com\/es\/wp-json\/wp\/v2\/types\/page"}],"author":[{"embeddable":true,"href":"http:\/\/www.ergoiena.com\/es\/wp-json\/wp\/v2\/users\/4"}],"replies":[{"embeddable":true,"href":"http:\/\/www.ergoiena.com\/es\/wp-json\/wp\/v2\/comments?post=1146"}],"version-history":[{"count":40,"href":"http:\/\/www.ergoiena.com\/es\/wp-json\/wp\/v2\/pages\/1146\/revisions"}],"predecessor-version":[{"id":1441,"href":"http:\/\/www.ergoiena.com\/es\/wp-json\/wp\/v2\/pages\/1146\/revisions\/1441"}],"wp:attachment":[{"href":"http:\/\/www.ergoiena.com\/es\/wp-json\/wp\/v2\/media?parent=1146"}],"curies":[{"name":"wp","href":"https:\/\/api.w.org\/{rel}","templated":true}]}}