{"id":122,"date":"2023-09-18T12:38:30","date_gmt":"2023-09-18T10:38:30","guid":{"rendered":"http:\/\/www.ergoiena.com\/?page_id=122"},"modified":"2024-02-28T09:58:43","modified_gmt":"2024-02-28T08:58:43","slug":"dorrao-torrano-2","status":"publish","type":"page","link":"http:\/\/www.ergoiena.com\/es\/concejos\/dorrao-torrano-2\/","title":{"rendered":"Unanu"},"content":{"rendered":"<div class=\"bloque class-col-xs-12\"><a href=\"#concejo\" class=\"bloque-tab\"> El concejo<\/a><div class=\"contenido-bloque\" id=\"concejo\" style=\"display: none;\"><\/p>\n<p>Informaci\u00f3n no disponible.<\/p>\n<p><\/div><\/div>\n<div class=\"bloque class-col-xs-12\"><a href=\"#coporacion\" class=\"bloque-tab\">Corporaci\u00f3n<\/a><div class=\"contenido-bloque\" id=\"coporacion\" style=\"display: none;\"><\/p>\n<p><strong>PRESIDENTE<\/strong><\/p>\n<ul>\n<li>Santiago Berastegui Lizarraga<\/li>\n<\/ul>\n<p><strong>SECRETARIA<\/strong><\/p>\n<ul>\n<li>Sergio Espuelas Ruiz<\/li>\n<\/ul>\n<p>&nbsp;<\/p>\n<ul>\n<li>Rom\u00e1n Mercero Ber\u00e1stegui<\/li>\n<li>Jessica Ambrosio Oropesa<\/li>\n<\/ul>\n<p><\/div><\/div>\n<div class=\"bloque class-col-xs-12\"><a href=\"#patrimonio\" class=\"bloque-tab\">Patrimonio Art\u00edstico<\/a><div class=\"contenido-bloque\" id=\"patrimonio\" style=\"display: none;\"><\/p>\n<p><strong>Parroquia de San Pedro<\/strong><\/p>\n<p>Se trata de una iglesia de origen medieval a juzgar por los restos de un arco de medio punto en la embocadura de la cabecera. En el siglo -XVII, la iglesia sufri\u00f3 una sustancial reforma que estuvo a cargo de los canteros Mart\u00edn de Urdinar\u00e1n y Bartolom\u00e9 de Cirmendi quienes en 1672 prestan declaraci\u00f3n sobre las obras realizadas, a saber, las b\u00f3vedas de la iglesia por la cantidad de 3.572 reales; tambi\u00e9n se ha cerrado una ventana y abierto otra por 6 ducados y 3 reales. Andr\u00e9s Aldaburu trabaj\u00f3 a jornal en el campanario por 13 ducados y 7 reales. En 1667 se contrat\u00f3 con Pedro Velarandi y Mart\u00edn de \u00d3seos la construcci\u00f3n del coro, capilla mayor y p\u00falpito por 400 reales. La iglesia se restaur\u00f3 en 1990.<br \/>\nSu planta es de una sola nave d\u00e9 tres tramos con cabecera recta m\u00e1s estrecha (Fig. 334). Los muros son de sillarejo est\u00e1n jalonados por pilastras adosadas a pilares de sillar con, basamento inferior y un recrecimiento superior de ladrillo. En la cabecera quedan, restos, de un arco de embocadura de medio punto. Las cubiertas de madera son modernas y tienen forma ligeramente curva. La cubierta de la cabecera es una b\u00f3veda de terceletes de nervios muy moldurados y claves lisas y corresponder\u00e1 probablemente a la obra del siglo XVII al igual que la de la sacrist\u00eda.<br \/>\nEl coro de obra se emplaza a los pies de la nave y su arco de embocadura es rebajado. El interior se ilumina por una ventana recta situada en la cabecera, en el lado de la Ep\u00edstola, sendas ventanas en el segundo y tercer tramo y una cuarta en el muro hastial.<br \/>\nLa sacrist\u00eda se sit\u00faa en la cabecera en el lado de la-Ep\u00edstola y se accede a ella a trav\u00e9s de una puerta adintelada. Es una estancia trapezoidal de muros de sillarejo cubierta por una b\u00f3veda de terceletes dobles de nervios muy moldurados con claves lisas que apoyan en columnas adosadas con capiteles moldurados con gallones.<br \/>\nAl exterior los muros son de sillar. A los pies se levanta la torre de fuste prism\u00e1tico estrecho; una imposta da paso al cuerpo de campanas algo anterior a 1672 con un arco de medio punto moldurado con guardalluvia. Sigue el volumen prism\u00e1tico que alberga la escalera de caracol de subida al coro y adosado un p\u00f3rtico de cuatro arcadas de medio punto que apoya en tres pilares de secci\u00f3n cuadrada e imposta moldurada. Cobija una puerta de arco rebajado con la rosca moldurada. A continuaci\u00f3n del p\u00f3rtico est\u00e1 el volumen de la sacrist\u00eda sobre el que asoman dos contrafuertes en diagonal. La cabecera es m\u00e1s estrecha y tiene alero<br \/>\nmoldurado de piedra. Por el lado del Evangelio se aprecian otros dos contrafuertes en diagonal y tres m\u00e1s marcando los tramos.<\/p>\n<p><em><span style=\"font-size: xx-small;\">Fig. 334. UNANUA. Parroquia de San Pedro.<\/span><\/em><\/p>\n<p><em>Lado del Evangelio<\/em><\/p>\n<p>En un nicho se alberga una escultura del Crucificado (158 x 173) g\u00f3tico de la segunda mitad del siglo XV, que procede de la ermita de Nuestra Se\u00f1ora de Mundi\u00f1ano (L\u00e1m. 602). Se representa muerto, con anatom\u00eda esbelta, torso cil\u00edndrico, largos brazos y pies cruzados. Su cabeza serena, est\u00e1 enmarcada por una melena geometrizada. El perizoma presenta los pliegues angulosos propios del g\u00f3tico. Le acompa\u00f1an dos esculturas renacentistas, del segundo tercio del siglo XVI, de Mar\u00eda (75) y San Juan (75).<br \/>\nTambi\u00e9n en este lado hay una escultura de la Virgen con el Ni\u00f1o (76) barroca sobre peana con cuatro cabezas de \u00e1ngeles.<br \/>\nNo se conservan los retablos colaterales y el sagrario que para 1675 hizo Joseph de Huici e Ituren para la iglesia.<\/p>\n<p><em>Presbiterio<\/em><\/p>\n<p>Preside este lugar un retablo mayor de estilo rococ\u00f3 de la segunda mitad del siglo XVIII (L\u00e1m. 603). Se compone de un banco con tableros de escenas en relieve entre cuatro m\u00e9nsulas muy salientes de follaje avolutado culminadas por hermosas cabezas de \u00e1ngeles. Sigue un cuerpo de columaas gigantes con fustes decorados con guirnaldas de flores, telas colgantes, espejos y capitel corintio que estructuran tres calles compartimentadas en dos pisos de hornacinas. Un friso ornarnentado con espejos da paso al \u00e1tico semicircular con caja central entre est\u00edpites culminada por placa decorativa y alerones laterales con roleos de follaje. Las hornacinas son aveneradas y terminan en rizados copetes con concha.<br \/>\nLa escultura se compone de relieves en el banco que representan la Resurrecci\u00f3n y el Prendimiento de ejecuci\u00f3n tosca y de escultura de bulto entero en el cuerpo. Representan a Santa Catalina y Santa B\u00e1rbara en el piso inferior y a San Juan Bautista, San Pedro sedente en c\u00e1tedra y Santiago en el superior. El Calvario ocupa el \u00e1tico flanqueado en los extremos por dos tallas de San Miguel y del \u00c1ngel de la Guarda.<\/p>\n<p><em>Lado de la Ep\u00edstola<\/em><\/p>\n<p>Junto a la puerta hay una pila aguabenditera del siglo XVI con pedestal cuadrado, base con baquetones conc\u00e9ntricos, fuste torso a modo de columna, capitel cuadrado moldurado y taza semiesf\u00e9rica gallonada.<\/p>\n<p><em>Sotacoro<\/em><\/p>\n<p>Aqu\u00ed hay una Dolorosa de vestir de principios del siglo XX y una pila bautismal medieval con fuste cil\u00edndrico, taza con subcopa semiesf\u00e9rica decorada con figura humana, dos cuadrifolias, planta con tallos, bola y otros motivos y copa con figuras humanas, plantas con cuatro tallos, estrellas y flores inscritas en c\u00edrculos y ruedas asimismo en c\u00edrculos (L\u00e1m. 604).<\/p>\n<p><em>Sacrist\u00eda<\/em><\/p>\n<p>Se conservan aqu\u00ed algunas piezas de plater\u00eda, entre ellas un c\u00e1liz (26) de plata con -base de fines del siglo XVI y hastil de metal del siglo XX, La base es circular can anillo exterior decorado con \u00f3valos en peralte y otros motivos geom\u00e9tricos cincelados de fines del quinientos. Otro c\u00e1liz (27) de plata dorada barroco de 1754, con base elevada, astil cor\u00ed cilindro inferior, nudo de pera y copa bulbosa. Tiene una inscripci\u00f3n en la pesta\u00f1a de la base: LA CHARYDAD ME HIZO ANO 1754. En el reverso de la base la burilada. Dos coronas (1S j 10) de plata, barrocas de tipo imperial. La peque\u00f1a de la segunda mirad del siglo XVII con decoraci\u00f3n de ces encontradas, la mayor de la segunda mitad del siglo XVIII con tracer\u00eda calada de ces vegetales, \u00c9sta lleva la marca PP coronada de Pamplona.<\/p>\n<p><strong>Ermita de San Andr\u00e9s<\/strong><\/p>\n<p>A la salida del pueblo en direcci\u00f3n a Torrano se encuentra esta ermita.Su origen debe ser medieval aunque est\u00e1 muy reconstruida. Su planta es de una nave con cabecera de tres pa\u00f1os (Fig. 335). Presenta muros enlucidos en los que quedan algunos canes lisos. La cubierta es de madera a cielo raso sobre tres vigas en horquilla. Una gran ventana recta en el lado de la Ep\u00edstola y dos m\u00e1s sobrepuestas en el muro hastial iluminan el interior.<br \/>\nAl exterior presenta muros enlucidos con cadenas de sillar en las esquinas.<\/p>\n<p>Un p\u00f3rtico en el lado de la Ep\u00edstola resguarda la puerta recta. Una cerca delimita el cementerio.<br \/>\nPreside el interior un retablito barroco de la primera mitad del siglo XVII. Se compone de banco con tableros de follaje entre m\u00e9nsulas vegetales, cuerpo de columnas con fuste vibrante que flanquean una hornacina con rosca de frutos y aletones laterales decorativos y un \u00e1tico entre machones coronado por placa vegetal. En la hornacina la escultura de San Andr\u00e9s (70) barroca popular,<\/p>\n<p><em><span style=\"font-size: xx-small;\">Fig. 335. UNANUA. Ermita de Sa.n Andr\u00e9s.<\/span><\/em><\/p>\n<p>&nbsp;<\/p>\n<h3>ARQUITECTURA CIVIL<\/h3>\n<p>El caser\u00edo est\u00e1 dispuesto en cuesta con la iglesia en la zona media. De la iglesia hacia arriba parte la calle de San Andr\u00e9s y hacia abajo la calle de San Pedro. Las casas en general son muy nuevas con fachadas enlucidas y dos niveles con alg\u00fan porcal de medio punto. Hay una fuente del a\u00f1o 1889,<\/p>\n<p><\/div><\/div>\n<div class=\"bloque class-col-xs-12\"><a href=\"#localizaci\u00f3n\" class=\"bloque-tab\">Localizaci\u00f3n<\/a><div class=\"contenido-bloque\" id=\"localizaci\u00f3n\" style=\"display: none;\"><\/p>\n<p><a href=\"http:\/\/www.ergoiena.com\/wp-content\/uploads\/2023\/09\/localizacion_Unanu.jpg\"><img loading=\"lazy\" decoding=\"async\" class=\"aligncenter size-full wp-image-126\" src=\"http:\/\/www.ergoiena.com\/wp-content\/uploads\/2023\/09\/localizacion_Unanu.jpg\" alt=\"\" width=\"500\" height=\"365\" srcset=\"http:\/\/www.ergoiena.com\/wp-content\/uploads\/2023\/09\/localizacion_Unanu.jpg 500w, http:\/\/www.ergoiena.com\/wp-content\/uploads\/2023\/09\/localizacion_Unanu-300x219.jpg 300w, http:\/\/www.ergoiena.com\/wp-content\/uploads\/2023\/09\/localizacion_Unanu-180x131.jpg 180w, http:\/\/www.ergoiena.com\/wp-content\/uploads\/2023\/09\/localizacion_Unanu-400x292.jpg 400w\" sizes=\"auto, (max-width: 500px) 100vw, 500px\" \/><\/a><\/p>\n<p><\/div><\/div>\n","protected":false},"excerpt":{"rendered":"","protected":false},"author":1,"featured_media":0,"parent":96,"menu_order":0,"comment_status":"closed","ping_status":"closed","template":"","meta":{"footnotes":""},"class_list":["post-122","page","type-page","status-publish","hentry"],"_links":{"self":[{"href":"http:\/\/www.ergoiena.com\/es\/wp-json\/wp\/v2\/pages\/122","targetHints":{"allow":["GET"]}}],"collection":[{"href":"http:\/\/www.ergoiena.com\/es\/wp-json\/wp\/v2\/pages"}],"about":[{"href":"http:\/\/www.ergoiena.com\/es\/wp-json\/wp\/v2\/types\/page"}],"author":[{"embeddable":true,"href":"http:\/\/www.ergoiena.com\/es\/wp-json\/wp\/v2\/users\/1"}],"replies":[{"embeddable":true,"href":"http:\/\/www.ergoiena.com\/es\/wp-json\/wp\/v2\/comments?post=122"}],"version-history":[{"count":4,"href":"http:\/\/www.ergoiena.com\/es\/wp-json\/wp\/v2\/pages\/122\/revisions"}],"predecessor-version":[{"id":1000,"href":"http:\/\/www.ergoiena.com\/es\/wp-json\/wp\/v2\/pages\/122\/revisions\/1000"}],"up":[{"embeddable":true,"href":"http:\/\/www.ergoiena.com\/es\/wp-json\/wp\/v2\/pages\/96"}],"wp:attachment":[{"href":"http:\/\/www.ergoiena.com\/es\/wp-json\/wp\/v2\/media?parent=122"}],"curies":[{"name":"wp","href":"https:\/\/api.w.org\/{rel}","templated":true}]}}