{"id":270,"date":"2023-09-19T08:54:47","date_gmt":"2023-09-19T06:54:47","guid":{"rendered":"http:\/\/www.ergoiena.com\/?page_id=270"},"modified":"2025-05-30T08:43:58","modified_gmt":"2025-05-30T06:43:58","slug":"documentos","status":"publish","type":"page","link":"http:\/\/www.ergoiena.com\/es\/documentos\/","title":{"rendered":"Documentos"},"content":{"rendered":"<table style=\"height: 609px; width: 100%;\" border=\"0\" width=\"98%\" cellspacing=\"0\" cellpadding=\"0\" align=\"center\">\n<tbody>\n<tr style=\"height: 24px;\">\n<th style=\"height: 24px; width: 25%;\" width=\"25%\">Documento<\/th>\n<th style=\"height: 24px; width: 60%;\" width=\"60%\">Descripci\u00f3n<\/th>\n<th style=\"height: 24px; width: 15%;\" width=\"15%\">Categor\u00eda<\/th>\n<\/tr>\n<tr style=\"height: 24px;\">\n<td style=\"height: 24px; width: 25%;\" align=\"left\"><a href=\"http:\/\/www.ergoiena.com\/wp-content\/uploads\/2025\/05\/BANDOA.pdf\">UDAL IKASTAROAK 2025\/26 &#8211; CURSOS 2025\/26<\/a><\/td>\n<td style=\"height: 24px; width: 60%;\" align=\"left\">UDAL IKASTAROAK 2025\/26 &#8211; CURSOS 2025\/26<\/td>\n<td style=\"height: 24px; width: 15%;\" align=\"left\">Bando<\/td>\n<\/tr>\n<tr style=\"height: 18px;\">\n<td style=\"height: 18px; width: 25%;\" align=\"left\"><a href=\"http:\/\/legislacion.derecho.com\/anuncio-26-noviembre-2013-ergoiena-5337582\">BON N\u00ba 228 26\/11\/2013<\/a><\/td>\n<td style=\"height: 18px; width: 60%;\" align=\"left\">Aprobaci\u00f3n definitiva ordenanza reguladora de la tenencia y protecci\u00f3n de animales<\/td>\n<td style=\"height: 18px; width: 15%;\" align=\"left\">Ordenanzas<\/td>\n<\/tr>\n<tr style=\"height: 48px;\">\n<td style=\"height: 48px; width: 25%;\" align=\"left\"><a href=\"http:\/\/www.ergoiena.com\/wp-content\/uploads\/2023\/09\/http___www.navarra.pdf\">ACOGIMIENTO CIVIL EN EL AYUNTAMIENTO DE ERGOIENA<\/a><\/td>\n<td style=\"height: 48px; width: 60%;\" align=\"left\">APROBACION DEFINITIVA DEL REGLAMENTO REGULADOR DEL ACOGIMIENTO CIVIL EN EL AYUNTAMIENTO DE ERGOIENA.<\/td>\n<td style=\"height: 48px; width: 15%;\" align=\"left\">BON<\/td>\n<\/tr>\n<tr style=\"height: 48px;\">\n<td style=\"height: 48px; width: 25%;\" align=\"left\"><a href=\"http:\/\/www.ergoiena.com\/wp-content\/uploads\/2023\/09\/Aprobacion-definitiva-de-ordenanza-reguladora.pdf\">SUBVENCIONES REHABILITACION VIVIENDAS<\/a><\/td>\n<td style=\"height: 48px; width: 60%;\" align=\"left\">APROBACION DEFINITIVA DE ORDENANZA REGULADORA DE LAS SUBVENCIONES A LA REHABILITACION DE VIVIENDAS.<\/td>\n<td style=\"height: 48px; width: 15%;\" align=\"left\">Subvenciones<\/td>\n<\/tr>\n<tr style=\"height: 24px;\">\n<td style=\"height: 24px; width: 25%;\" align=\"left\"><a href=\"http:\/\/www.ergoiena.com\/wp-content\/uploads\/2023\/09\/Ordenanza-modulos-minimos-calculo-ICIO.pdf\">Ordenanza m\u00f3dulos m\u00ednimos c\u00e1lculo ICIO<\/a><\/td>\n<td style=\"height: 24px; width: 60%;\" align=\"left\">Aprobaci\u00f3n definitiva de ordenanza m\u00f3dulos m\u00ednimos c\u00e1lculo ICIO en Ergoiena<\/td>\n<td style=\"height: 24px; width: 15%;\" align=\"left\">BON<\/td>\n<\/tr>\n<tr style=\"height: 24px;\">\n<td style=\"height: 24px; width: 25%;\" align=\"left\"><a href=\"http:\/\/www.ergoiena.com\/wp-content\/uploads\/2023\/09\/BON-N-130-21-10-2009.pdf\">BON N\u00ba 130 &#8211; 21\/10\/2009<\/a><\/td>\n<td style=\"height: 24px; width: 60%;\" align=\"left\">Aprobaci\u00f3n definitiva de la ordenanza reguladora del auzolan<\/td>\n<td style=\"height: 24px; width: 15%;\" align=\"left\">Ordenanzas<\/td>\n<\/tr>\n<tr style=\"height: 24px;\">\n<td style=\"height: 24px; width: 25%;\" align=\"left\"><a href=\"http:\/\/www.ergoiena.com\/wp-content\/uploads\/2023\/09\/BON-N-122-02-10-2009.pdf\">BON N\u00ba 122 &#8211; 02\/10\/2009<\/a><\/td>\n<td style=\"height: 24px; width: 60%;\" align=\"left\">Aprobaci\u00f3n definitiva ordenanza utilizaci\u00f3n cementerio UNANU<\/td>\n<td style=\"height: 24px; width: 15%;\" align=\"left\">Ordenanzas<\/td>\n<\/tr>\n<tr style=\"height: 24px;\">\n<td style=\"height: 24px; width: 25%;\" align=\"left\"><a href=\"http:\/\/www.ergoiena.com\/wp-content\/uploads\/2023\/09\/BON-N-101-DE-17-08-2009.pdf\">BON N\u00ba 101 DE 17\/08\/2009<\/a><\/td>\n<td style=\"height: 24px; width: 60%;\" align=\"left\">Aprobaci\u00f3n definitiva de la ordenanza reguladora del auzolan<\/td>\n<td style=\"height: 24px; width: 15%;\" align=\"left\">Ordenanzas<\/td>\n<\/tr>\n<tr style=\"height: 24px;\">\n<td style=\"height: 24px; width: 25%;\" align=\"left\"><a href=\"http:\/\/www.ergoiena.com\/wp-content\/uploads\/2023\/09\/ORDENANZA-REGULADORA-DE-TASAS.pdf\">ORDENANZA REGULADORA DE TASAS<\/a><\/td>\n<td style=\"height: 24px; width: 60%;\" align=\"left\">BON N\u00ba 46 &#8211; 17\/04\/2009<\/td>\n<td style=\"height: 24px; width: 15%;\" align=\"left\">Ordenanzas<\/td>\n<\/tr>\n<tr style=\"height: 24px;\">\n<td style=\"height: 24px; width: 25%;\" align=\"left\"><a href=\"http:\/\/siun.navarra.es\/view_gen.aspx?tab=0&amp;id=4242\">Plan Municipal de Ergoiena<\/a><\/td>\n<td style=\"height: 24px; width: 60%;\" align=\"left\">Plan Municipal de Ergoiena<\/td>\n<td style=\"height: 24px; width: 15%;\" align=\"left\">Ordenanzas<\/td>\n<\/tr>\n<tr style=\"height: 20px;\">\n<td style=\"height: 20px; width: 25%;\" align=\"left\">Instancia &#8211;\u00a0<a href=\"http:\/\/www.ergoiena.com\/wp-content\/uploads\/2024\/03\/ESKABIDEA.pdf\">ESKABIDEA<\/a><\/td>\n<td style=\"height: 20px; width: 60%;\" align=\"left\">Modelo de impreso oficial para realizar instancias<\/td>\n<td style=\"height: 20px; width: 15%;\" align=\"left\">Modelos de impresos<\/td>\n<\/tr>\n<tr style=\"height: 48px;\">\n<td style=\"height: 48px; width: 25%;\" align=\"left\"><a href=\"http:\/\/www.navarra.es\/home_es\/Actualidad\/BON\/Boletines\/2003\/56\/Anuncio-180\/\">Registro Municipal de Parejas Estables no Casadas<\/a><\/td>\n<td style=\"height: 48px; width: 60%;\" align=\"left\">BON N\u00ba 56 05\/05\/2003<\/td>\n<td style=\"height: 48px; width: 15%;\" align=\"left\">Ordenanzas<\/td>\n<\/tr>\n<tr style=\"height: 72px;\">\n<td style=\"height: 72px; width: 25%;\" align=\"left\"><a href=\"http:\/\/www.navarra.es\/home_es\/Actualidad\/BON\/Boletines\/2003\/25\/Anuncio-152\/\">Tasas por utilizaci\u00f3n privativa o aprovechamiento especial del suelo, vuelo y subsuelo del dominio p\u00fablico local<\/a><\/td>\n<td style=\"height: 72px; width: 60%;\" align=\"left\">BON N\u00ba 25 26\/02\/2003<\/td>\n<td style=\"height: 72px; width: 15%;\" align=\"left\">Ordenanzas<\/td>\n<\/tr>\n<tr style=\"height: 24px;\">\n<td style=\"height: 24px; width: 25%;\" align=\"left\"><a href=\"http:\/\/www.navarra.es\/home_es\/Actualidad\/BON\/Boletines\/2003\/22\/Anuncio-93\/\">Ordenanza del Euskaera<\/a><\/td>\n<td style=\"height: 24px; width: 60%;\" align=\"left\">BON N\u00ba 22 19\/02\/2003<\/td>\n<td style=\"height: 24px; width: 15%;\" align=\"left\">Ordenanzas<\/td>\n<\/tr>\n<tr style=\"height: 24px;\">\n<td style=\"height: 24px; width: 25%;\" align=\"left\"><a href=\"http:\/\/www.ergoiena.com\/wp-content\/uploads\/2023\/09\/BON-N-205.pdf\">BON N\u00ba 205<\/a><\/td>\n<td style=\"height: 24px; width: 60%;\" align=\"left\">BON N\u00ba 205 23\/10\/2013<\/td>\n<td style=\"height: 24px; width: 15%;\" align=\"left\">Subvenciones<\/td>\n<\/tr>\n<tr style=\"height: 48px;\">\n<td style=\"height: 48px; width: 25%;\" align=\"left\"><a href=\"http:\/\/www.navarra.es\/home_es\/Actualidad\/BON\/Boletines\/2003\/21\/Anuncio-196\/\">Tasas por otorgamiento de licencias y otras actuaciones urban\u00edsticas<\/a><\/td>\n<td style=\"height: 48px; width: 60%;\" align=\"left\">BON N\u00ba 21 17\/02\/2003<\/td>\n<td style=\"height: 48px; width: 15%;\" align=\"left\">Ordenanzas<\/td>\n<\/tr>\n<tr style=\"height: 19px;\">\n<td style=\"height: 19px; width: 25%;\" align=\"left\"><a href=\"http:\/\/www.navarra.es\/home_es\/Actualidad\/BON\/Boletines\/2003\/16\/Anuncio-90\/\">Ordenanza Fiscal General<\/a><\/td>\n<td style=\"height: 19px; width: 60%;\" align=\"left\">BON N\u00ba 16 05\/02\/2003<\/td>\n<td style=\"height: 19px; width: 15%;\" align=\"left\">Ordenanzas<\/td>\n<\/tr>\n<tr style=\"height: 48px;\">\n<td style=\"height: 48px; width: 25%;\" align=\"left\"><a href=\"http:\/\/www.navarra.es\/home_es\/Actualidad\/BON\/Boletines\/2003\/16\/Anuncio-91\/\">Tasas por expedici\u00f3n y tramitaci\u00f3n de documentos<\/a><\/td>\n<td style=\"height: 48px; width: 60%;\" align=\"left\">BON N\u00ba 16 05\/02\/2003<\/td>\n<td style=\"height: 48px; width: 15%;\" align=\"left\">Ordenanzas<\/td>\n<\/tr>\n<tr style=\"height: 24px;\">\n<td style=\"height: 24px; width: 25%;\" align=\"left\"><a href=\"http:\/\/www.ergoiena.com\/wp-content\/uploads\/2023\/09\/BON-N-91-DE-28-07-2000.pdf\">BON N\u00ba 91 DE 28\/07\/2000<\/a><\/td>\n<td style=\"height: 24px; width: 60%;\" align=\"left\">ORDENANZA APROVECHAMIENTO COMUNALES. APROBACION DEFINITIVA.<\/td>\n<td style=\"height: 24px; width: 15%;\" align=\"left\">Ordenanzas<\/td>\n<\/tr>\n<\/tbody>\n<\/table>\n<p>&nbsp;<\/p>\n","protected":false},"excerpt":{"rendered":"<p>Documento Descripci\u00f3n Categor\u00eda UDAL IKASTAROAK 2025\/26 &#8211; CURSOS 2025\/26 UDAL IKASTAROAK 2025\/26 &#8211; CURSOS 2025\/26 Bando BON N\u00ba 228 26\/11\/2013 Aprobaci\u00f3n definitiva ordenanza reguladora de la tenencia y protecci\u00f3n de animales Ordenanzas ACOGIMIENTO CIVIL EN EL AYUNTAMIENTO DE ERGOIENA APROBACION DEFINITIVA DEL REGLAMENTO REGULADOR DEL ACOGIMIENTO CIVIL EN EL AYUNTAMIENTO DE ERGOIENA. BON SUBVENCIONES REHABILITACION [&hellip;]<\/p>\n","protected":false},"author":1,"featured_media":0,"parent":0,"menu_order":0,"comment_status":"closed","ping_status":"closed","template":"","meta":{"footnotes":""},"class_list":["post-270","page","type-page","status-publish","hentry"],"_links":{"self":[{"href":"http:\/\/www.ergoiena.com\/es\/wp-json\/wp\/v2\/pages\/270","targetHints":{"allow":["GET"]}}],"collection":[{"href":"http:\/\/www.ergoiena.com\/es\/wp-json\/wp\/v2\/pages"}],"about":[{"href":"http:\/\/www.ergoiena.com\/es\/wp-json\/wp\/v2\/types\/page"}],"author":[{"embeddable":true,"href":"http:\/\/www.ergoiena.com\/es\/wp-json\/wp\/v2\/users\/1"}],"replies":[{"embeddable":true,"href":"http:\/\/www.ergoiena.com\/es\/wp-json\/wp\/v2\/comments?post=270"}],"version-history":[{"count":4,"href":"http:\/\/www.ergoiena.com\/es\/wp-json\/wp\/v2\/pages\/270\/revisions"}],"predecessor-version":[{"id":1341,"href":"http:\/\/www.ergoiena.com\/es\/wp-json\/wp\/v2\/pages\/270\/revisions\/1341"}],"wp:attachment":[{"href":"http:\/\/www.ergoiena.com\/es\/wp-json\/wp\/v2\/media?parent=270"}],"curies":[{"name":"wp","href":"https:\/\/api.w.org\/{rel}","templated":true}]}}