{"id":317,"date":"2023-09-19T09:32:32","date_gmt":"2023-09-19T07:32:32","guid":{"rendered":"http:\/\/www.ergoiena.com\/?page_id=317"},"modified":"2024-04-29T11:20:59","modified_gmt":"2024-04-29T09:20:59","slug":"contacto","status":"publish","type":"page","link":"http:\/\/www.ergoiena.com\/es\/contacto\/","title":{"rendered":"Contacto"},"content":{"rendered":"\n<div class=\"wpcf7 no-js\" id=\"wpcf7-f5-o1\" lang=\"es-ES\" dir=\"ltr\">\n<div class=\"screen-reader-response\"><p role=\"status\" aria-live=\"polite\" aria-atomic=\"true\"><\/p> <ul><\/ul><\/div>\n<form action=\"\/es\/wp-json\/wp\/v2\/pages\/317#wpcf7-f5-o1\" method=\"post\" class=\"wpcf7-form init\" aria-label=\"Formulario de contacto\" novalidate=\"novalidate\" data-status=\"init\">\n<div style=\"display: none;\">\n<input type=\"hidden\" name=\"_wpcf7\" value=\"5\" \/>\n<input type=\"hidden\" name=\"_wpcf7_version\" value=\"5.9.3\" \/>\n<input type=\"hidden\" name=\"_wpcf7_locale\" value=\"es_ES\" \/>\n<input type=\"hidden\" name=\"_wpcf7_unit_tag\" value=\"wpcf7-f5-o1\" \/>\n<input type=\"hidden\" name=\"_wpcf7_container_post\" value=\"0\" \/>\n<input type=\"hidden\" name=\"_wpcf7_posted_data_hash\" value=\"\" \/>\n<input type=\"hidden\" name=\"_wpcf7cf_hidden_group_fields\" value=\"[]\" \/>\n<input type=\"hidden\" name=\"_wpcf7cf_hidden_groups\" value=\"[]\" \/>\n<input type=\"hidden\" name=\"_wpcf7cf_visible_groups\" value=\"[]\" \/>\n<input type=\"hidden\" name=\"_wpcf7cf_repeaters\" value=\"[]\" \/>\n<input type=\"hidden\" name=\"_wpcf7cf_steps\" value=\"{}\" \/>\n<input type=\"hidden\" name=\"_wpcf7cf_options\" value=\"{&quot;form_id&quot;:5,&quot;conditions&quot;:[],&quot;settings&quot;:{&quot;animation&quot;:&quot;yes&quot;,&quot;animation_intime&quot;:200,&quot;animation_outtime&quot;:200,&quot;conditions_ui&quot;:&quot;normal&quot;,&quot;notice_dismissed&quot;:false,&quot;notice_dismissed_rollback-cf7-5.8&quot;:true}}\" \/>\n<\/div>\n<p>Rellena el siguiente formulario de contacto y nos pondremos en contacto contigo lo antes posible.\n<\/p>\n<p><label> Receptor<br \/>\n<span class=\"wpcf7-form-control-wrap\" data-name=\"receptor\"><select class=\"wpcf7-form-control wpcf7-select\" aria-invalid=\"false\" name=\"receptor\"><option value=\"Secretar\u00eda\">Secretar\u00eda<\/option><option value=\"Alcald\u00eda\">Alcald\u00eda<\/option><option value=\"Concejo de Dorrao-Torrano\">Concejo de Dorrao-Torrano<\/option><option value=\"Concejo de Lizarraga\">Concejo de Lizarraga<\/option><option value=\"Concejo de Unanu\">Concejo de Unanu<\/option><\/select><\/span><\/label>\n<\/p>\n<p><label> Nombre y Apellidos *<br \/>\n<span class=\"wpcf7-form-control-wrap\" data-name=\"nombre\"><input size=\"40\" class=\"wpcf7-form-control wpcf7-text wpcf7-validates-as-required\" autocomplete=\"name\" aria-required=\"true\" aria-invalid=\"false\" value=\"\" type=\"text\" name=\"nombre\" \/><\/span> <\/label>\n<\/p>\n<p><label> Correo electr\u00f3nico<br \/>\n<span class=\"wpcf7-form-control-wrap\" data-name=\"correoe\"><input size=\"40\" class=\"wpcf7-form-control wpcf7-email wpcf7-text wpcf7-validates-as-email\" autocomplete=\"email\" aria-invalid=\"false\" value=\"\" type=\"email\" name=\"correoe\" \/><\/span> <\/label>\n<\/p>\n<p><label> Tel\u00e9fono<br \/>\n<span class=\"wpcf7-form-control-wrap\" data-name=\"telefono\"><input size=\"40\" class=\"wpcf7-form-control wpcf7-tel wpcf7-text wpcf7-validates-as-tel\" aria-invalid=\"false\" value=\"\" type=\"tel\" name=\"telefono\" \/><\/span> <\/label>\n<\/p>\n<p><label> Mensaje *<br \/>\n<span class=\"wpcf7-form-control-wrap\" data-name=\"comentarios\"><textarea cols=\"40\" rows=\"3\" class=\"wpcf7-form-control wpcf7-textarea wpcf7-validates-as-required\" aria-required=\"true\" aria-invalid=\"false\" name=\"comentarios\"><\/textarea><\/span> <\/label>\n<\/p>\n<p><span class=\"wpcf7-form-control-wrap\" data-name=\"checkbox-819\"><span class=\"wpcf7-form-control wpcf7-checkbox wpcf7-validates-as-required\"><span class=\"wpcf7-list-item first last\"><label><input type=\"checkbox\" name=\"checkbox-819[]\" value=\"S\u00ed, he leido y acepto las condiciones de uso legal\" \/><span class=\"wpcf7-list-item-label\">S\u00ed, he leido y acepto las condiciones de uso legal<\/span><\/label><\/span><\/span><\/span>\n<\/p>\n<p><input class=\"wpcf7-form-control wpcf7-submit has-spinner\" type=\"submit\" value=\"Enviar\" \/>\n<\/p><div class=\"wpcf7-response-output\" aria-hidden=\"true\"><\/div>\n<\/form>\n<\/div>\n\n<p><strong>PROTECCI\u00d3N DE DATOS<\/strong><\/p>\n<table class=\"table\">\n<tbody>\n<tr>\n<td><em><strong>Responsable<\/strong><\/em><\/td>\n<td>Ayuntamiento de Ergoiena<\/td>\n<\/tr>\n<tr>\n<td><em><strong>Finalidad<\/strong><\/em><\/td>\n<td>Responder a la solicitud<\/td>\n<\/tr>\n<tr>\n<td><em><strong>Derechos<\/strong><\/em><\/td>\n<td>Tiene derecho a acceder, rectificar y suprimir los datos, as\u00ed como otros derechos, dirigi\u00e9ndose a las dependencias municipales.<\/td>\n<\/tr>\n<tr>\n<td><em><strong>Informaci\u00f3n adicional<\/strong><\/em><\/td>\n<td>Pol\u00edtica de privacidad. Ayuntamiento de Ergoiena.<\/td>\n<\/tr>\n<\/tbody>\n<\/table>\n<p><\/p>\n","protected":false},"excerpt":{"rendered":"<p>PROTECCI\u00d3N DE DATOS Responsable Ayuntamiento de Ergoiena Finalidad Responder a la solicitud Derechos Tiene derecho a acceder, rectificar y suprimir los datos, as\u00ed como otros derechos, dirigi\u00e9ndose a las dependencias municipales. Informaci\u00f3n adicional Pol\u00edtica de privacidad. Ayuntamiento de Ergoiena.<\/p>\n","protected":false},"author":1,"featured_media":0,"parent":0,"menu_order":0,"comment_status":"closed","ping_status":"closed","template":"","meta":{"footnotes":""},"class_list":["post-317","page","type-page","status-publish","hentry"],"_links":{"self":[{"href":"http:\/\/www.ergoiena.com\/es\/wp-json\/wp\/v2\/pages\/317","targetHints":{"allow":["GET"]}}],"collection":[{"href":"http:\/\/www.ergoiena.com\/es\/wp-json\/wp\/v2\/pages"}],"about":[{"href":"http:\/\/www.ergoiena.com\/es\/wp-json\/wp\/v2\/types\/page"}],"author":[{"embeddable":true,"href":"http:\/\/www.ergoiena.com\/es\/wp-json\/wp\/v2\/users\/1"}],"replies":[{"embeddable":true,"href":"http:\/\/www.ergoiena.com\/es\/wp-json\/wp\/v2\/comments?post=317"}],"version-history":[{"count":3,"href":"http:\/\/www.ergoiena.com\/es\/wp-json\/wp\/v2\/pages\/317\/revisions"}],"predecessor-version":[{"id":1083,"href":"http:\/\/www.ergoiena.com\/es\/wp-json\/wp\/v2\/pages\/317\/revisions\/1083"}],"wp:attachment":[{"href":"http:\/\/www.ergoiena.com\/es\/wp-json\/wp\/v2\/media?parent=317"}],"curies":[{"name":"wp","href":"https:\/\/api.w.org\/{rel}","templated":true}]}}