{"id":34,"date":"2023-09-13T10:34:10","date_gmt":"2023-09-13T08:34:10","guid":{"rendered":"http:\/\/www.ergoiena.com\/?page_id=34"},"modified":"2024-04-03T08:24:31","modified_gmt":"2024-04-03T06:24:31","slug":"peticion-de-certificados","status":"publish","type":"page","link":"http:\/\/www.ergoiena.com\/es\/ayuntamiento\/peticion-de-certificados\/","title":{"rendered":"Petici\u00f3n de certificados"},"content":{"rendered":"\n<div class=\"wpcf7 no-js\" id=\"wpcf7-f29-o1\" lang=\"es-ES\" dir=\"ltr\">\n<div class=\"screen-reader-response\"><p role=\"status\" aria-live=\"polite\" aria-atomic=\"true\"><\/p> <ul><\/ul><\/div>\n<form action=\"\/es\/wp-json\/wp\/v2\/pages\/34#wpcf7-f29-o1\" method=\"post\" class=\"wpcf7-form init\" aria-label=\"Formulario de contacto\" novalidate=\"novalidate\" data-status=\"init\">\n<div style=\"display: none;\">\n<input type=\"hidden\" name=\"_wpcf7\" value=\"29\" \/>\n<input type=\"hidden\" name=\"_wpcf7_version\" value=\"5.9.3\" \/>\n<input type=\"hidden\" name=\"_wpcf7_locale\" value=\"es_ES\" \/>\n<input type=\"hidden\" name=\"_wpcf7_unit_tag\" value=\"wpcf7-f29-o1\" \/>\n<input type=\"hidden\" name=\"_wpcf7_container_post\" value=\"0\" \/>\n<input type=\"hidden\" name=\"_wpcf7_posted_data_hash\" value=\"\" \/>\n<input type=\"hidden\" name=\"_wpcf7cf_hidden_group_fields\" value=\"[]\" \/>\n<input type=\"hidden\" name=\"_wpcf7cf_hidden_groups\" value=\"[]\" \/>\n<input type=\"hidden\" name=\"_wpcf7cf_visible_groups\" value=\"[]\" \/>\n<input type=\"hidden\" name=\"_wpcf7cf_repeaters\" value=\"[]\" \/>\n<input type=\"hidden\" name=\"_wpcf7cf_steps\" value=\"{}\" \/>\n<input type=\"hidden\" name=\"_wpcf7cf_options\" value=\"{&quot;form_id&quot;:29,&quot;conditions&quot;:[],&quot;settings&quot;:{&quot;animation&quot;:&quot;yes&quot;,&quot;animation_intime&quot;:200,&quot;animation_outtime&quot;:200,&quot;conditions_ui&quot;:&quot;normal&quot;,&quot;notice_dismissed&quot;:false,&quot;notice_dismissed_rollback-cf7-5.8&quot;:true}}\" \/>\n<\/div>\n<div class=\"row\">\n\t<p>Rellena el formulario de solicitud y nos pondremos en contacto contigo lo antes posible.\n\t<\/p>\n\t<div class=\"col\">\n\t\t<p><label> Solicitud <\/label><br \/>\n<span class=\"wpcf7-form-control-wrap\" data-name=\"menu-867\"><select class=\"wpcf7-form-control wpcf7-select wpcf7-validates-as-required\" aria-required=\"true\" aria-invalid=\"false\" name=\"menu-867\"><option value=\"Certificado de pago\">Certificado de pago<\/option><option value=\"Certificado de Estado del IAE\">Certificado de Estado del IAE<\/option><option value=\"Certificado de Estado de no deudas\">Certificado de Estado de no deudas<\/option><option value=\"Certificado de empadronamiento\">Certificado de empadronamiento<\/option><option value=\"Certificado de convivencia\">Certificado de convivencia<\/option><option value=\"Certificado de residencia\">Certificado de residencia<\/option><option value=\"Certificado de bienes\">Certificado de bienes<\/option><option value=\"Certificado de alta\/baja\/modificaci\u00f3n del padr\u00f3n\">Certificado de alta\/baja\/modificaci\u00f3n del padr\u00f3n<\/option><option value=\"Certificado de volantes de catastro (urbana y r\u00fastica)\">Certificado de volantes de catastro (urbana y r\u00fastica)<\/option><option value=\"Certificado de solicitud de quema de rastrojeras\">Certificado de solicitud de quema de rastrojeras<\/option><option value=\"Certificado de duplicados de recibos\">Certificado de duplicados de recibos<\/option><\/select><\/span>\n\t\t<\/p>\n\t<\/div>\n\t<div class=\"col\">\n\t\t<p><label> D\u00f3nde desea recogerlo <\/label><br \/>\n<span class=\"wpcf7-form-control-wrap\" data-name=\"menu-868\"><select class=\"wpcf7-form-control wpcf7-select wpcf7-validates-as-required\" aria-required=\"true\" aria-invalid=\"false\" name=\"menu-868\"><option value=\"Enviar por correo electr\u00f3nico\">Enviar por correo electr\u00f3nico<\/option><option value=\"Enviar por correo postal\">Enviar por correo postal<\/option><option value=\"A recoger en oficinas municipales\">A recoger en oficinas municipales<\/option><\/select><\/span>\n\t\t<\/p>\n\t<\/div>\n<\/div>\n<div class=\"row\">\n\t<div class=\"col\">\n\t\t<p><label> Nombre *<br \/>\n<span class=\"wpcf7-form-control-wrap\" data-name=\"nombre\"><input size=\"40\" class=\"wpcf7-form-control wpcf7-text wpcf7-validates-as-required\" autocomplete=\"name\" aria-required=\"true\" aria-invalid=\"false\" value=\"\" type=\"text\" name=\"nombre\" \/><\/span> <\/label>\n\t\t<\/p>\n\t<\/div>\n\t<div class=\"col\">\n\t\t<p><label> Apellidos *<br \/>\n<span class=\"wpcf7-form-control-wrap\" data-name=\"apellidos\"><input size=\"40\" class=\"wpcf7-form-control wpcf7-text wpcf7-validates-as-required\" aria-required=\"true\" aria-invalid=\"false\" value=\"\" type=\"text\" name=\"apellidos\" \/><\/span> <\/label>\n\t\t<\/p>\n\t<\/div>\n<\/div>\n<div class=\"row\">\n\t<div class=\"col\">\n\t\t<p><label> Direcci\u00f3n<br \/>\n<span class=\"wpcf7-form-control-wrap\" data-name=\"direccion\"><input size=\"40\" class=\"wpcf7-form-control wpcf7-text\" aria-invalid=\"false\" value=\"\" type=\"text\" name=\"direccion\" \/><\/span> <\/label>\n\t\t<\/p>\n\t<\/div>\n\t<div class=\"col\">\n\t\t<p><label> Localidad<br \/>\n<span class=\"wpcf7-form-control-wrap\" data-name=\"localidad\"><input size=\"40\" class=\"wpcf7-form-control wpcf7-text\" aria-invalid=\"false\" value=\"\" type=\"text\" name=\"localidad\" \/><\/span> <\/label>\n\t\t<\/p>\n\t<\/div>\n<\/div>\n<div class=\"row \">\n\t<div class=\"col\">\n\t\t<p><label> DNI *<br \/>\n<span class=\"wpcf7-form-control-wrap\" data-name=\"dni\"><input size=\"40\" class=\"wpcf7-form-control wpcf7-text wpcf7-validates-as-required\" aria-required=\"true\" aria-invalid=\"false\" value=\"\" type=\"text\" name=\"dni\" \/><\/span> <\/label>\n\t\t<\/p>\n\t<\/div>\n\t<div class=\"col\">\n\t\t<p><label> Tel\u00e9fono *<br \/>\n<span class=\"wpcf7-form-control-wrap\" data-name=\"telefono\"><input size=\"40\" class=\"wpcf7-form-control wpcf7-tel wpcf7-validates-as-required wpcf7-text wpcf7-validates-as-tel\" aria-required=\"true\" aria-invalid=\"false\" value=\"\" type=\"tel\" name=\"telefono\" \/><\/span> <\/label>\n\t\t<\/p>\n\t<\/div>\n<\/div>\n<div class=\"row\">\n\t<div class=\"col\">\n\t\t<p><label> Correo electr\u00f3nico<br \/>\n<span class=\"wpcf7-form-control-wrap\" data-name=\"email\"><input size=\"40\" class=\"wpcf7-form-control wpcf7-email wpcf7-validates-as-required wpcf7-text wpcf7-validates-as-email\" autocomplete=\"email\" aria-required=\"true\" aria-invalid=\"false\" value=\"\" type=\"email\" name=\"email\" \/><\/span> <\/label>\n\t\t<\/p>\n\t<\/div>\n\t<div class=\"col\">\n\t\t<p><label> Comentarios<br \/>\n<span class=\"wpcf7-form-control-wrap\" data-name=\"comentarios\"><textarea cols=\"40\" rows=\"3\" class=\"wpcf7-form-control wpcf7-textarea\" aria-invalid=\"false\" name=\"comentarios\"><\/textarea><\/span> <\/label>\n\t\t<\/p>\n\t<\/div>\n\t<p><span class=\"wpcf7-form-control-wrap\" data-name=\"checkbox-819\"><span class=\"wpcf7-form-control wpcf7-checkbox wpcf7-validates-as-required\"><span class=\"wpcf7-list-item first last\"><label><input type=\"checkbox\" name=\"checkbox-819[]\" value=\"S\u00ed, he leido y acepto las condiciones de uso legal\" \/><span class=\"wpcf7-list-item-label\">S\u00ed, he leido y acepto las condiciones de uso legal<\/span><\/label><\/span><\/span><\/span>\n\t<\/p>\n<\/div>\n<p><input class=\"wpcf7-form-control wpcf7-submit has-spinner\" type=\"submit\" value=\"Enviar\" \/>\n<\/p><div class=\"wpcf7-response-output\" aria-hidden=\"true\"><\/div>\n<\/form>\n<\/div>\n\n<p>&nbsp;<\/p>\n<p><strong>PROTECCI\u00d3N DE DATOS<\/strong><\/p>\n<table class=\"table\">\n<tbody>\n<tr>\n<td><em><strong>Responsable<\/strong><\/em><\/td>\n<td>Ayuntamiento de Ergoiena<\/td>\n<\/tr>\n<tr>\n<td><em><strong>Finalidad<\/strong><\/em><\/td>\n<td>Responder a la solicitud<\/td>\n<\/tr>\n<tr>\n<td><em><strong>Derechos<\/strong><\/em><\/td>\n<td>Tiene derecho a acceder, rectificar y suprimir los datos, as\u00ed como otros derechos, dirigi\u00e9ndose a las dependencias municipales.<\/td>\n<\/tr>\n<tr>\n<td><em><strong>Informaci\u00f3n adicional<\/strong><\/em><\/td>\n<td>Pol\u00edtica de privacidad. Ayuntamiento de Ergoiena.<\/td>\n<\/tr>\n<\/tbody>\n<\/table>\n<p>&nbsp;<\/p>\n","protected":false},"excerpt":{"rendered":"<p>&nbsp; PROTECCI\u00d3N DE DATOS Responsable Ayuntamiento de Ergoiena Finalidad Responder a la solicitud Derechos Tiene derecho a acceder, rectificar y suprimir los datos, as\u00ed como otros derechos, dirigi\u00e9ndose a las dependencias municipales. Informaci\u00f3n adicional Pol\u00edtica de privacidad. Ayuntamiento de Ergoiena. &nbsp;<\/p>\n","protected":false},"author":1,"featured_media":0,"parent":49,"menu_order":0,"comment_status":"closed","ping_status":"closed","template":"","meta":{"footnotes":""},"class_list":["post-34","page","type-page","status-publish","hentry"],"_links":{"self":[{"href":"http:\/\/www.ergoiena.com\/es\/wp-json\/wp\/v2\/pages\/34","targetHints":{"allow":["GET"]}}],"collection":[{"href":"http:\/\/www.ergoiena.com\/es\/wp-json\/wp\/v2\/pages"}],"about":[{"href":"http:\/\/www.ergoiena.com\/es\/wp-json\/wp\/v2\/types\/page"}],"author":[{"embeddable":true,"href":"http:\/\/www.ergoiena.com\/es\/wp-json\/wp\/v2\/users\/1"}],"replies":[{"embeddable":true,"href":"http:\/\/www.ergoiena.com\/es\/wp-json\/wp\/v2\/comments?post=34"}],"version-history":[{"count":4,"href":"http:\/\/www.ergoiena.com\/es\/wp-json\/wp\/v2\/pages\/34\/revisions"}],"predecessor-version":[{"id":1037,"href":"http:\/\/www.ergoiena.com\/es\/wp-json\/wp\/v2\/pages\/34\/revisions\/1037"}],"up":[{"embeddable":true,"href":"http:\/\/www.ergoiena.com\/es\/wp-json\/wp\/v2\/pages\/49"}],"wp:attachment":[{"href":"http:\/\/www.ergoiena.com\/es\/wp-json\/wp\/v2\/media?parent=34"}],"curies":[{"name":"wp","href":"https:\/\/api.w.org\/{rel}","templated":true}]}}