{"id":41,"date":"2023-09-14T09:28:11","date_gmt":"2023-09-14T07:28:11","guid":{"rendered":"http:\/\/www.ergoiena.com\/?page_id=41"},"modified":"2024-04-03T08:48:04","modified_gmt":"2024-04-03T06:48:04","slug":"domiciliacion-de-recibos","status":"publish","type":"page","link":"http:\/\/www.ergoiena.com\/es\/ayuntamiento\/domiciliacion-de-recibos\/","title":{"rendered":"Domiciliaci\u00f3n de Recibos"},"content":{"rendered":"\n<div class=\"wpcf7 no-js\" id=\"wpcf7-f38-o1\" lang=\"es-ES\" dir=\"ltr\">\n<div class=\"screen-reader-response\"><p role=\"status\" aria-live=\"polite\" aria-atomic=\"true\"><\/p> <ul><\/ul><\/div>\n<form action=\"\/es\/wp-json\/wp\/v2\/pages\/41#wpcf7-f38-o1\" method=\"post\" class=\"wpcf7-form init\" aria-label=\"Formulario de contacto\" novalidate=\"novalidate\" data-status=\"init\">\n<div style=\"display: none;\">\n<input type=\"hidden\" name=\"_wpcf7\" value=\"38\" \/>\n<input type=\"hidden\" name=\"_wpcf7_version\" value=\"5.9.3\" \/>\n<input type=\"hidden\" name=\"_wpcf7_locale\" value=\"es_ES\" \/>\n<input type=\"hidden\" name=\"_wpcf7_unit_tag\" value=\"wpcf7-f38-o1\" \/>\n<input type=\"hidden\" name=\"_wpcf7_container_post\" value=\"0\" \/>\n<input type=\"hidden\" name=\"_wpcf7_posted_data_hash\" value=\"\" \/>\n<input type=\"hidden\" name=\"_wpcf7cf_hidden_group_fields\" value=\"[]\" \/>\n<input type=\"hidden\" name=\"_wpcf7cf_hidden_groups\" value=\"[]\" \/>\n<input type=\"hidden\" name=\"_wpcf7cf_visible_groups\" value=\"[]\" \/>\n<input type=\"hidden\" name=\"_wpcf7cf_repeaters\" value=\"[]\" \/>\n<input type=\"hidden\" name=\"_wpcf7cf_steps\" value=\"{}\" \/>\n<input type=\"hidden\" name=\"_wpcf7cf_options\" value=\"{&quot;form_id&quot;:38,&quot;conditions&quot;:[{&quot;then_field&quot;:&quot;domiciliacion&quot;,&quot;and_rules&quot;:[{&quot;if_field&quot;:&quot;opciones&quot;,&quot;operator&quot;:&quot;equals&quot;,&quot;if_value&quot;:&quot;Domiciliar un s\\u00f3lo tributo (Domiciliaci\\u00f3n Particular)&quot;}]},{&quot;then_field&quot;:&quot;-1&quot;,&quot;and_rules&quot;:[{&quot;if_field&quot;:&quot;-1&quot;,&quot;operator&quot;:&quot;equals&quot;,&quot;if_value&quot;:&quot;&quot;}]}],&quot;settings&quot;:{&quot;animation&quot;:&quot;yes&quot;,&quot;animation_intime&quot;:200,&quot;animation_outtime&quot;:200,&quot;conditions_ui&quot;:&quot;normal&quot;,&quot;notice_dismissed&quot;:false,&quot;notice_dismissed_rollback-cf7-5.8&quot;:true}}\" \/>\n<\/div>\n<p>Si desea domiciliar el pago de recibos en entidades bancarias o cajas de ahorro, rellene el siguiente formulario.\n<\/p>\n<h3>Datos de la persona contribuyente\n<\/h3>\n<hr \/>\n<div class=\"row\">\n\t<div class=\"col\">\n\t\t<p><label> Nombre o raz\u00f3n social *<br \/>\n<span class=\"wpcf7-form-control-wrap\" data-name=\"nombre\"><input size=\"40\" class=\"wpcf7-form-control wpcf7-text wpcf7-validates-as-required\" autocomplete=\"name\" aria-required=\"true\" aria-invalid=\"false\" value=\"\" type=\"text\" name=\"nombre\" \/><\/span> <\/label>\n\t\t<\/p>\n\t<\/div>\n\t<div class=\"col\">\n\t\t<p><label> Apellidos *<br \/>\n<span class=\"wpcf7-form-control-wrap\" data-name=\"apellidos\"><input size=\"40\" class=\"wpcf7-form-control wpcf7-text wpcf7-validates-as-required\" aria-required=\"true\" aria-invalid=\"false\" value=\"\" type=\"text\" name=\"apellidos\" \/><\/span> <\/label>\n\t\t<\/p>\n\t<\/div>\n<\/div>\n<div class=\"row\">\n\t<div class=\"col\">\n\t\t<p><label> NIF\/DNI *<br \/>\n<span class=\"wpcf7-form-control-wrap\" data-name=\"dni\"><input size=\"40\" class=\"wpcf7-form-control wpcf7-text wpcf7-validates-as-required\" aria-required=\"true\" aria-invalid=\"false\" value=\"\" type=\"text\" name=\"dni\" \/><\/span> <\/label>\n\t\t<\/p>\n\t<\/div>\n\t<div class=\"col\">\n\t\t<p><label> Concejo *<br \/>\n<span class=\"wpcf7-form-control-wrap\" data-name=\"menu-329\"><select class=\"wpcf7-form-control wpcf7-select wpcf7-validates-as-required\" aria-required=\"true\" aria-invalid=\"false\" name=\"menu-329\"><option value=\"Dorrao\/Torrano\">Dorrao\/Torrano<\/option><option value=\"Lizarraga\">Lizarraga<\/option><option value=\"Unanu\">Unanu<\/option><\/select><\/span><\/label>\n\t\t<\/p>\n\t<\/div>\n<\/div>\n<div class=\"row\">\n\t<div class=\"col\">\n\t\t<p><label> Tel\u00e9fono *<br \/>\n<span class=\"wpcf7-form-control-wrap\" data-name=\"telefono\"><input size=\"40\" class=\"wpcf7-form-control wpcf7-tel wpcf7-validates-as-required wpcf7-text wpcf7-validates-as-tel\" aria-required=\"true\" aria-invalid=\"false\" value=\"\" type=\"tel\" name=\"telefono\" \/><\/span> <\/label>\n\t\t<\/p>\n\t<\/div>\n\t<div class=\"col\">\n\t\t<p><label> Correo electr\u00f3nico<br \/>\n<span class=\"wpcf7-form-control-wrap\" data-name=\"correoe\"><input size=\"40\" class=\"wpcf7-form-control wpcf7-email wpcf7-text wpcf7-validates-as-email\" autocomplete=\"email\" aria-invalid=\"false\" value=\"\" type=\"email\" name=\"correoe\" \/><\/span> <\/label>\n\t\t<\/p>\n\t<\/div>\n<\/div>\n<div class=\"row\">\n\t<div class=\"col\">\n\t\t<p><label> Direcci\u00f3n *<br \/>\n<span class=\"wpcf7-form-control-wrap\" data-name=\"direccion\"><input size=\"40\" class=\"wpcf7-form-control wpcf7-text wpcf7-validates-as-required\" aria-required=\"true\" aria-invalid=\"false\" value=\"\" type=\"text\" name=\"direccion\" \/><\/span> <\/label>\n\t\t<\/p>\n\t<\/div>\n<\/div>\n<h3>Datos bancarios\n<\/h3>\n<hr \/>\n<div class=\"row\">\n\t<div class=\"col\">\n\t\t<p><label> Entidad bancaria *<br \/>\n<span class=\"wpcf7-form-control-wrap\" data-name=\"entidad\"><input size=\"40\" class=\"wpcf7-form-control wpcf7-text wpcf7-validates-as-required\" aria-required=\"true\" aria-invalid=\"false\" value=\"\" type=\"text\" name=\"entidad\" \/><\/span> <\/label>\n\t\t<\/p>\n\t<\/div>\n\t<div class=\"col\">\n\t\t<p><label> Titular de la cuenta *<br \/>\n<span class=\"wpcf7-form-control-wrap\" data-name=\"titular\"><input size=\"40\" class=\"wpcf7-form-control wpcf7-text wpcf7-validates-as-required\" aria-required=\"true\" aria-invalid=\"false\" value=\"\" type=\"text\" name=\"titular\" \/><\/span> <\/label>\n\t\t<\/p>\n\t<\/div>\n<\/div>\n<div class=\"row\">\n\t<div class=\"col\">\n\t\t<p><label> N\u00ba de cuenta corriente o libreta (20 d\u00edgitos) *<br \/>\n<span class=\"wpcf7-form-control-wrap\" data-name=\"cuenta\"><input size=\"40\" class=\"wpcf7-form-control wpcf7-text wpcf7-validates-as-required\" aria-required=\"true\" aria-invalid=\"false\" value=\"\" type=\"text\" name=\"cuenta\" \/><\/span> <\/label>\n\t\t<\/p>\n\t<\/div>\n<\/div>\n<h3>Clase de Domiciliaci\u00f3n\n<\/h3>\n<hr \/>\n<p><span class=\"wpcf7-form-control-wrap\" data-name=\"opciones\"><span class=\"wpcf7-form-control wpcf7-radio\"><span class=\"wpcf7-list-item first\"><label><input type=\"radio\" name=\"opciones\" value=\"Domiciliar el pago de todos los tributos (Domiciliaci\u00f3n General)\" checked=\"checked\" \/><span class=\"wpcf7-list-item-label\">Domiciliar el pago de todos los tributos (Domiciliaci\u00f3n General)<\/span><\/label><\/span><span class=\"wpcf7-list-item last\"><label><input type=\"radio\" name=\"opciones\" value=\"Domiciliar un s\u00f3lo tributo (Domiciliaci\u00f3n Particular)\" \/><span class=\"wpcf7-list-item-label\">Domiciliar un s\u00f3lo tributo (Domiciliaci\u00f3n Particular)<\/span><\/label><\/span><\/span><\/span>\n<\/p>\n<p><span data-id=\"domiciliacion\" data-orig_data_id=\"domiciliacion\"  data-class=\"wpcf7cf_group\"><br \/>\n<label> Rellene estos datos copi\u00e1ndolos del \u00faltimo recibo: <\/label><br \/>\n<label> Emisora *<br \/>\n<span class=\"wpcf7-form-control-wrap\" data-name=\"emisora\"><input size=\"40\" class=\"wpcf7-form-control wpcf7-text wpcf7-validates-as-required\" aria-required=\"true\" aria-invalid=\"false\" value=\"\" type=\"text\" name=\"emisora\" \/><\/span> <\/label><br \/>\n<label> Referencia *<br \/>\n<span class=\"wpcf7-form-control-wrap\" data-name=\"referencia\"><input size=\"40\" class=\"wpcf7-form-control wpcf7-text wpcf7-validates-as-required\" aria-required=\"true\" aria-invalid=\"false\" value=\"\" type=\"text\" name=\"referencia\" \/><\/span> <\/label><br \/>\n<label> Identificaci\u00f3n *<br \/>\n<span class=\"wpcf7-form-control-wrap\" data-name=\"identificacion\"><input size=\"40\" class=\"wpcf7-form-control wpcf7-text wpcf7-validates-as-required\" aria-required=\"true\" aria-invalid=\"false\" value=\"\" type=\"text\" name=\"identificacion\" \/><\/span> <\/label><br \/>\n<label> Importe *<br \/>\n<span class=\"wpcf7-form-control-wrap\" data-name=\"importe\"><input size=\"40\" class=\"wpcf7-form-control wpcf7-text wpcf7-validates-as-required\" aria-required=\"true\" aria-invalid=\"false\" value=\"\" type=\"text\" name=\"importe\" \/><\/span> <\/label><br \/>\n<\/span>\n<\/p>\n<p><span class=\"wpcf7-form-control-wrap\" data-name=\"checkbox-819\"><span class=\"wpcf7-form-control wpcf7-checkbox wpcf7-validates-as-required\"><span class=\"wpcf7-list-item first last\"><label><input type=\"checkbox\" name=\"checkbox-819[]\" value=\"S\u00ed, he le\u00eddo y acepto las condiciones de uso legal\" \/><span class=\"wpcf7-list-item-label\">S\u00ed, he le\u00eddo y acepto las condiciones de uso legal<\/span><\/label><\/span><\/span><\/span>\n<\/p>\n<p><input class=\"wpcf7-form-control wpcf7-submit has-spinner\" type=\"submit\" value=\"Enviar\" \/>\n<\/p><div class=\"wpcf7-response-output\" aria-hidden=\"true\"><\/div>\n<\/form>\n<\/div>\n\n<p><strong>PROTECCI\u00d3N DE DATOS<\/strong><\/p>\n<table class=\"table\">\n<tbody>\n<tr>\n<td><em><strong>Responsable<\/strong><\/em><\/td>\n<td>Ayuntamiento de Ergoiena<\/td>\n<\/tr>\n<tr>\n<td><em><strong>Finalidad<\/strong><\/em><\/td>\n<td>Realizar la gesti\u00f3n de los diferentes tributos, tasas, ingresos municipales, en periodo voluntario y en v\u00eda de apremio.<\/td>\n<\/tr>\n<tr>\n<td><em><strong>Derechos<\/strong><\/em><\/td>\n<td>Tiene derecho a acceder, rectificar y suprimir los datos, as\u00ed como otros derechos, dirigi\u00e9ndose a las dependencias municipales.<\/td>\n<\/tr>\n<tr>\n<td><em><strong>Informaci\u00f3n adicional<\/strong><\/em><\/td>\n<td>Pol\u00edtica de privacidad. Ayuntamiento de Ergoiena.<\/td>\n<\/tr>\n<\/tbody>\n<\/table>\n<p>&nbsp;<\/p>\n","protected":false},"excerpt":{"rendered":"<p>PROTECCI\u00d3N DE DATOS Responsable Ayuntamiento de Ergoiena Finalidad Realizar la gesti\u00f3n de los diferentes tributos, tasas, ingresos municipales, en periodo voluntario y en v\u00eda de apremio. Derechos Tiene derecho a acceder, rectificar y suprimir los datos, as\u00ed como otros derechos, dirigi\u00e9ndose a las dependencias municipales. Informaci\u00f3n adicional Pol\u00edtica de privacidad. Ayuntamiento de Ergoiena. &nbsp;<\/p>\n","protected":false},"author":1,"featured_media":0,"parent":49,"menu_order":0,"comment_status":"closed","ping_status":"closed","template":"","meta":{"footnotes":""},"class_list":["post-41","page","type-page","status-publish","hentry"],"_links":{"self":[{"href":"http:\/\/www.ergoiena.com\/es\/wp-json\/wp\/v2\/pages\/41","targetHints":{"allow":["GET"]}}],"collection":[{"href":"http:\/\/www.ergoiena.com\/es\/wp-json\/wp\/v2\/pages"}],"about":[{"href":"http:\/\/www.ergoiena.com\/es\/wp-json\/wp\/v2\/types\/page"}],"author":[{"embeddable":true,"href":"http:\/\/www.ergoiena.com\/es\/wp-json\/wp\/v2\/users\/1"}],"replies":[{"embeddable":true,"href":"http:\/\/www.ergoiena.com\/es\/wp-json\/wp\/v2\/comments?post=41"}],"version-history":[{"count":4,"href":"http:\/\/www.ergoiena.com\/es\/wp-json\/wp\/v2\/pages\/41\/revisions"}],"predecessor-version":[{"id":1046,"href":"http:\/\/www.ergoiena.com\/es\/wp-json\/wp\/v2\/pages\/41\/revisions\/1046"}],"up":[{"embeddable":true,"href":"http:\/\/www.ergoiena.com\/es\/wp-json\/wp\/v2\/pages\/49"}],"wp:attachment":[{"href":"http:\/\/www.ergoiena.com\/es\/wp-json\/wp\/v2\/media?parent=41"}],"curies":[{"name":"wp","href":"https:\/\/api.w.org\/{rel}","templated":true}]}}