{"id":47,"date":"2023-09-18T10:27:39","date_gmt":"2023-09-18T08:27:39","guid":{"rendered":"http:\/\/www.ergoiena.com\/?page_id=47"},"modified":"2024-02-29T14:30:32","modified_gmt":"2024-02-29T13:30:32","slug":"saludo-del-alcalde","status":"publish","type":"page","link":"http:\/\/www.ergoiena.com\/es\/ayuntamiento\/saludo-del-alcalde\/","title":{"rendered":"Saludo del alcalde"},"content":{"rendered":"<p>Ergoiena peque\u00f1o valle de la comarca de Sakana , constituido por los pueblos de Lizarraga (capital), Dorrao y Unanu; con una poblaci\u00f3n de 450\u00a0 habitantes; y rodeado de bosques y prados.<\/p>\n<p>Ergoiena, situado entre las sierras de Andia y Urbasa, atravesado por el r\u00edo Leziza\u00a0 y la permanente presencia de la monta\u00f1a de Beriain, vivimos en un entorno de naturaleza y tranquilidad, muy cercano al n\u00facleo de comunicaci\u00f3n que nos une a Lizarra, Iru\u00f1a, Gasteiz, Gipuzkoa.<\/p>\n<p>Os animamos a que conozc\u00e1is nuestros pueblos, con la seguridad de que ser\u00e9is bien recibidos.<\/p>\n<p>M\u00aa Soledad Mozo Galarza<\/p>\n<p>Alcaldesa de Ergoiena.<\/p>\n","protected":false},"excerpt":{"rendered":"<p>Ergoiena peque\u00f1o valle de la comarca de Sakana , constituido por los pueblos de Lizarraga (capital), Dorrao y Unanu; con una poblaci\u00f3n de 450\u00a0 habitantes; y rodeado de bosques y prados. Ergoiena, situado entre las sierras de Andia y Urbasa, atravesado por el r\u00edo Leziza\u00a0 y la permanente presencia de la monta\u00f1a de Beriain, vivimos [&hellip;]<\/p>\n","protected":false},"author":1,"featured_media":0,"parent":49,"menu_order":0,"comment_status":"closed","ping_status":"closed","template":"","meta":{"footnotes":""},"class_list":["post-47","page","type-page","status-publish","hentry"],"_links":{"self":[{"href":"http:\/\/www.ergoiena.com\/es\/wp-json\/wp\/v2\/pages\/47","targetHints":{"allow":["GET"]}}],"collection":[{"href":"http:\/\/www.ergoiena.com\/es\/wp-json\/wp\/v2\/pages"}],"about":[{"href":"http:\/\/www.ergoiena.com\/es\/wp-json\/wp\/v2\/types\/page"}],"author":[{"embeddable":true,"href":"http:\/\/www.ergoiena.com\/es\/wp-json\/wp\/v2\/users\/1"}],"replies":[{"embeddable":true,"href":"http:\/\/www.ergoiena.com\/es\/wp-json\/wp\/v2\/comments?post=47"}],"version-history":[{"count":2,"href":"http:\/\/www.ergoiena.com\/es\/wp-json\/wp\/v2\/pages\/47\/revisions"}],"predecessor-version":[{"id":1019,"href":"http:\/\/www.ergoiena.com\/es\/wp-json\/wp\/v2\/pages\/47\/revisions\/1019"}],"up":[{"embeddable":true,"href":"http:\/\/www.ergoiena.com\/es\/wp-json\/wp\/v2\/pages\/49"}],"wp:attachment":[{"href":"http:\/\/www.ergoiena.com\/es\/wp-json\/wp\/v2\/media?parent=47"}],"curies":[{"name":"wp","href":"https:\/\/api.w.org\/{rel}","templated":true}]}}