{"id":80,"date":"2023-09-18T10:41:57","date_gmt":"2023-09-18T08:41:57","guid":{"rendered":"http:\/\/www.ergoiena.com\/?page_id=80"},"modified":"2023-09-19T09:35:48","modified_gmt":"2023-09-19T07:35:48","slug":"ergoiena","status":"publish","type":"page","link":"http:\/\/www.ergoiena.com\/es\/ayuntamiento\/ergoiena\/","title":{"rendered":"Ergoiena"},"content":{"rendered":"<p><strong>Geograf\u00eda<br \/>\n<\/strong><br \/>\nEl valle de Ergoiena es un valle formado por peque\u00f1os asentamientos. Es valle y Ayuntamiento compuesto por tres n\u00facleos, Lizarraga (capital), Dorrao\/Torrano y Unanu, perteneciente a la Comarca Noroccidental, conocida como la Barranca\/Sakana, situado al Sur de la hist\u00f3rica \u00abTierra de Aranaz\u00bb, entre los valles de Arakil y Burunda, de la merindad y partido judicial de la capital Pamplona situada a 44,5 km. El t\u00e9rmino (42,1 kil\u00f3metros cuadrados) consta de dos porciones, la meridional, en donde est\u00e1n los tres lugares, limita con los municipios de Arbizu (NO), Uharte-Arakil (NE), las sierras de Andia (NE y SE) y Urbasa (SO) y Etxarri-Aranatz (O). La otra porci\u00f3n, el denominado Monte de Abajo, se extiende desde el Puttarri (1.295 metros) y la falda meridional de Aralar (N) hasta las inmediaciones del r\u00edo Arakil (S), flanqueado por los t\u00e9rminos de Arbizu (E) y Etxarri-Aranatz (O).<\/p>\n<p>El valle es una profunda hondonada abierta en el extremo noroccidental de la sierra de Andia, cerrada al NE por la sierra de Satrustegi, que culmina en Beriain (1.494 metros) y al Sur por el acantilado del borde septentrional de Andia-Urbasa. El r\u00edo Leziza lo recorre de E a NO hasta desaguar en el Arakil en jurisdicci\u00f3n de Arbizu.<\/p>\n<p>El clima es de car\u00e1cter oce\u00e1nico y se caracteriza por la abundancia de precipitaciones. En el extenso espacio forestal (3.436 hect\u00e1reas) predominan los hayedos y los robledales. El resto del t\u00e9rmino se reparte principalmente entre cultivos y pastos, que propician una caba\u00f1a ganadera de vacuno y ovino de raza lacha.<\/p>\n<p><strong>Historia<br \/>\n<\/strong><br \/>\nEl municipio de Ergoiena naci\u00f3 en 1504, cuando los reyes Juan III y Catalina I otorgaron a los vecinos de Lizarraga, Torrano y Unanu la facultad de elegir un alcalde diferente del de Etxarri Aranatz para atender el gobierno de los tres lugares y ejercer las funciones judiciales. Las razones invocadas fueron las siguientes: el incremento demogr\u00e1fico, el reconocimiento de la emancipaci\u00f3n por parte de la Iglesia y la mayor comodidad que supondr\u00eda.<\/p>\n<p><strong>Poblaci\u00f3n<\/strong><\/p>\n<table class=\"table\" border=\"0\" cellspacing=\"0\" cellpadding=\"0\">\n<tbody>\n<tr>\n<th colspan=\"8\">Evoluci\u00f3n de la poblaci\u00f3n<\/th>\n<\/tr>\n<tr>\n<td><b>A\u00f1o<\/b><\/td>\n<td>1975<\/td>\n<td>1981<\/td>\n<td>1986<\/td>\n<td>1991<\/td>\n<td>1996<\/td>\n<td>2001<\/td>\n<td>2006<\/td>\n<\/tr>\n<tr>\n<td><b>Poblaci\u00f3n<\/b><\/td>\n<td>649<\/td>\n<td>613<\/td>\n<td>566<\/td>\n<td>520<\/td>\n<td>491<\/td>\n<td>440<\/td>\n<td>437<\/td>\n<\/tr>\n<\/tbody>\n<\/table>\n<p>&nbsp;<\/p>\n<table class=\"table\" border=\"0\" width=\"80%\" cellspacing=\"0\" cellpadding=\"0\">\n<tbody>\n<tr>\n<th colspan=\"2\">Poblaci\u00f3n por concejos (1\/8\/2011)<\/th>\n<\/tr>\n<tr>\n<td><b>Concejo<\/b><\/td>\n<td><b>Poblaci\u00f3n<\/b><\/td>\n<\/tr>\n<tr>\n<td>Lizarraga<\/td>\n<td>205<\/td>\n<\/tr>\n<tr>\n<td>Dorrao-Torrano<\/td>\n<td>108<\/td>\n<\/tr>\n<tr>\n<td>Unanu<\/td>\n<td>107<\/td>\n<\/tr>\n<tr>\n<td><b>TOTAL<\/b><\/td>\n<td><b>420<\/b><\/td>\n<\/tr>\n<\/tbody>\n<\/table>\n<p><strong>Fiestas<\/strong><\/p>\n<p><strong>ERGOIENA<\/strong><\/p>\n<ul>\n<li><strong>8 de Septiembre<\/strong>: San Miguel<\/li>\n<\/ul>\n<p><strong>DORRAO-TORRANO<\/strong><\/p>\n<ul>\n<li><strong>14-15-16-17 de Agosto:\u00a0<\/strong>D\u00eda de la Virgen<\/li>\n<\/ul>\n<p><strong>LIZARRAGA<\/strong><\/p>\n<ul>\n<li><strong>20-21-22 de Junio:\u00a0<\/strong>San Adrian<\/li>\n<li><strong>21-22 de Noviembre:<\/strong>\u00a0San Clemente<\/li>\n<\/ul>\n<p><strong>UNANU<\/strong><\/p>\n<ul>\n<li><strong>26-27-28 de Junio:\u00a0<\/strong>San Pedro<\/li>\n<\/ul>\n","protected":false},"excerpt":{"rendered":"<p>Geograf\u00eda El valle de Ergoiena es un valle formado por peque\u00f1os asentamientos. Es valle y Ayuntamiento compuesto por tres n\u00facleos, Lizarraga (capital), Dorrao\/Torrano y Unanu, perteneciente a la Comarca Noroccidental, conocida como la Barranca\/Sakana, situado al Sur de la hist\u00f3rica \u00abTierra de Aranaz\u00bb, entre los valles de Arakil y Burunda, de la merindad y partido [&hellip;]<\/p>\n","protected":false},"author":1,"featured_media":0,"parent":49,"menu_order":0,"comment_status":"closed","ping_status":"closed","template":"","meta":{"footnotes":""},"class_list":["post-80","page","type-page","status-publish","hentry"],"_links":{"self":[{"href":"http:\/\/www.ergoiena.com\/es\/wp-json\/wp\/v2\/pages\/80","targetHints":{"allow":["GET"]}}],"collection":[{"href":"http:\/\/www.ergoiena.com\/es\/wp-json\/wp\/v2\/pages"}],"about":[{"href":"http:\/\/www.ergoiena.com\/es\/wp-json\/wp\/v2\/types\/page"}],"author":[{"embeddable":true,"href":"http:\/\/www.ergoiena.com\/es\/wp-json\/wp\/v2\/users\/1"}],"replies":[{"embeddable":true,"href":"http:\/\/www.ergoiena.com\/es\/wp-json\/wp\/v2\/comments?post=80"}],"version-history":[{"count":1,"href":"http:\/\/www.ergoiena.com\/es\/wp-json\/wp\/v2\/pages\/80\/revisions"}],"predecessor-version":[{"id":81,"href":"http:\/\/www.ergoiena.com\/es\/wp-json\/wp\/v2\/pages\/80\/revisions\/81"}],"up":[{"embeddable":true,"href":"http:\/\/www.ergoiena.com\/es\/wp-json\/wp\/v2\/pages\/49"}],"wp:attachment":[{"href":"http:\/\/www.ergoiena.com\/es\/wp-json\/wp\/v2\/media?parent=80"}],"curies":[{"name":"wp","href":"https:\/\/api.w.org\/{rel}","templated":true}]}}