{"id":84,"date":"2023-09-18T10:43:46","date_gmt":"2023-09-18T08:43:46","guid":{"rendered":"http:\/\/www.ergoiena.com\/?page_id=84"},"modified":"2023-09-18T10:43:46","modified_gmt":"2023-09-18T08:43:46","slug":"catastro","status":"publish","type":"page","link":"http:\/\/www.ergoiena.com\/es\/ayuntamiento\/catastro\/","title":{"rendered":"Catastro"},"content":{"rendered":"<p>Para conocer el catastro de la parcela que desee, deber\u00e1 utilizar la siguiente p\u00e1gina:<\/p>\n<ul>\n<li><a href=\"http:\/\/sitna.cfnavarra.es\/navegar\/?lang=cas\" target=\"_Blank\" rel=\"noopener\">Sistema de Informaci\u00f3n Territorial de Navarra<\/a><\/li>\n<\/ul>\n","protected":false},"excerpt":{"rendered":"<p>Para conocer el catastro de la parcela que desee, deber\u00e1 utilizar la siguiente p\u00e1gina: Sistema de Informaci\u00f3n Territorial de Navarra<\/p>\n","protected":false},"author":1,"featured_media":0,"parent":49,"menu_order":0,"comment_status":"closed","ping_status":"closed","template":"","meta":{"footnotes":""},"class_list":["post-84","page","type-page","status-publish","hentry"],"_links":{"self":[{"href":"http:\/\/www.ergoiena.com\/es\/wp-json\/wp\/v2\/pages\/84","targetHints":{"allow":["GET"]}}],"collection":[{"href":"http:\/\/www.ergoiena.com\/es\/wp-json\/wp\/v2\/pages"}],"about":[{"href":"http:\/\/www.ergoiena.com\/es\/wp-json\/wp\/v2\/types\/page"}],"author":[{"embeddable":true,"href":"http:\/\/www.ergoiena.com\/es\/wp-json\/wp\/v2\/users\/1"}],"replies":[{"embeddable":true,"href":"http:\/\/www.ergoiena.com\/es\/wp-json\/wp\/v2\/comments?post=84"}],"version-history":[{"count":1,"href":"http:\/\/www.ergoiena.com\/es\/wp-json\/wp\/v2\/pages\/84\/revisions"}],"predecessor-version":[{"id":85,"href":"http:\/\/www.ergoiena.com\/es\/wp-json\/wp\/v2\/pages\/84\/revisions\/85"}],"up":[{"embeddable":true,"href":"http:\/\/www.ergoiena.com\/es\/wp-json\/wp\/v2\/pages\/49"}],"wp:attachment":[{"href":"http:\/\/www.ergoiena.com\/es\/wp-json\/wp\/v2\/media?parent=84"}],"curies":[{"name":"wp","href":"https:\/\/api.w.org\/{rel}","templated":true}]}}