{"id":946,"date":"2023-09-28T13:51:16","date_gmt":"2023-09-28T11:51:16","guid":{"rendered":"http:\/\/www.ergoiena.com\/?page_id=946"},"modified":"2025-07-14T10:47:47","modified_gmt":"2025-07-14T08:47:47","slug":"buzon-de-denuncias","status":"publish","type":"page","link":"http:\/\/www.ergoiena.com\/es\/buzon-de-denuncias\/","title":{"rendered":"Canal de denuncias antifraude"},"content":{"rendered":"<ul>\n<li><a href=\"https:\/\/www.igae.pap.hacienda.gob.es\/sitios\/igae\/es-ES\/snca\/Paginas\/ComunicacionSNCA.aspx\">IGAE:Comunicaci\u00f3n de informaci\u00f3n sobre fraudes o irregularidades que afecten a fondos europeos (hacienda.gob.es)<\/a><\/li>\n<li>Plan aprobado por el Pleno del Ayuntamiento: <a href=\"http:\/\/www.ergoiena.com\/wp-content\/uploads\/2024\/04\/Plan-de-Medidas-Antifraude.pdf\">Plan de Medidas Antifraude<\/a><\/li>\n<li><a href=\"http:\/\/www.ergoiena.com\/wp-content\/uploads\/2025\/07\/ACTA-REUNION-COMITE-ANTIFRAUDE-21-11-23.pdf\">ACTA REUNION COMITE ANTIFRAUDE 21-11-23<\/a><\/li>\n<li><a href=\"http:\/\/www.ergoiena.com\/wp-content\/uploads\/2024\/04\/AUTOEVALUACION-_ABRIL-2024.pdf\">Autovaloraci\u00f3n abril 2024.<\/a><\/li>\n<\/ul>\n<p>Las denuncias enviadas a trav\u00e9s de este buz\u00f3n deben versar sobre conductas contrarias a la legislaci\u00f3n vigente, a los c\u00f3digos, pol\u00edticas y cualquier actuaci\u00f3n irregular o impropia cometida en el seno esta entidad.<\/p><h3 class='titulo_den'>Nueva denuncia<\/h3><form method='POST' enctype='multipart\/form-data'><div class='form-group'><label for='asunto'>Asunto<span class='required'>*<\/span><\/label><input id='asunto' class='form-control' type='text' name='asunto' value='' \/><\/div><div class='form-group'><p class='form-text text-muted'>Los hechos deben describirse de la forma m\u00e1s concreta y detallada posible, debiendo aportarse cualquier documentaci\u00f3n o elemento de prueba que facilite su verificaci\u00f3n. Se aconseja facilitar la informaci\u00f3n sensible mediante un fichero adjunto.<\/p><label for='descripcion'>Descripci\u00f3n<span class='required'>*<\/span><\/label><textarea id='descripcion' class='form-control' name='descripcion'><\/textarea><\/div><div class='form-group'><label for='adjunto'>Adjuntar archivo<\/label><input id='adjunto' class='form-control' type='file' name='adjunto' value='' \/><\/div><hr><div class='h4'>Datos de contacto (opcional)<\/div><p>Se guardar\u00e1 total confidencialidad respecto a su identidad. Si no facilita datos de contacto, renuncia a su derecho a ser notificado.<\/p><div class='form-group'><label for='nombre'>Nombre y apellidos<\/label><input id='nombre' class='form-control' type='text' name='nombre' value='' \/><\/div><div class='form-group'><label for='email'>Email<\/label><input id='email' class='form-control' type='text' name='email' value='' \/><\/div><div class='form-group'><input class='btn btn-default btn-denuncias' type='submit' name='enviar' value='Enviar' \/><\/div><table class='denuncias-lopd'><tbody><tr><th scope='row'>Responsable<\/th><td>Ayuntamiento de Ergoiena<\/td><\/tr><tr><th scope='row'>Finalidad<\/th><td>Gesti\u00f3n de las actuaciones derivadas del canal de denuncias del Ayuntamiento.<\/td><\/tr><tr><th scope='row'>Conservamos<\/th><td>Los datos personales proporcionados se conservar\u00e1n mientras sean necesarios para dar cumplimiento a las obligaciones legales que en cada caso corresponda.<\/td><\/tr><tr><th scope='row'>Legitimizaci\u00f3n<\/th><td>La base legal para el tratamiento de datos es el consentimiento de la persona interesada (art\u00edculo 6.1.a del RGPD).<\/td><\/tr><tr><th scope='row'>Destinatarios<\/th><td>Salvo los casos de cumplimiento de obligaci\u00f3n legal, esta entidad no comunica los datos a terceros ni realiza transferencias internacionales de datos<\/td><\/tr><tr><th scope='row'>Derechos<\/th><td>De conformidad con lo establecido en la normativa aplicable, le informamos que tiene los siguientes derechos:<ul><li>Obtener confirmaci\u00f3n sobre si esta entidad est\u00e1 tratando sus datos personales.<\/li><li>Acceder a sus datos personales, as\u00ed como a solicitar la rectificaci\u00f3n de los datos inexactos o, en su caso solicitar la supresi\u00f3n cuando, entre otros motivos, los datos ya no sean no sean necesarios en relaci\u00f3n con los fines para los que fueron recogidos.<\/li><li>La limitaci\u00f3n (en determinadas circunstancias) del tratamiento de sus datos, evitando el tratamiento futuro, en cuyo caso s\u00f3lo ser\u00e1n conservados por esta entidad para el ejercicio o la defensa de reclamaciones.<\/li><li>La oposici\u00f3n (en determinadas circunstancias) al tratamiento de sus datos, en cuyo caso, esta entidad dejar\u00e1 de tratar los datos, salvo por motivos leg\u00edtimos imperiosos, o el ejercicio o la defensa de posibles reclamaciones. Incluido el tratamiento de sus datos para decisiones individuales automatizadas.<\/li><li>Portabilidad: le permite recibir sus datos personales y poder transmitirlos directamente a otro responsable en un formato estructurado, de uso com\u00fan y lectura mec\u00e1nica.<\/li><\/ul><p>La persona interesada podr\u00e1 ejercer estos derechos, mediante el env\u00edo de un correo electr\u00f3nico a la direcci\u00f3n info@ergoiena.com o por correo postal a la direcci\u00f3n indicada en responsable del tratamiento, adjuntando fotocopia del DNI o documento identificativo sustitutorio, e indicando claramente el derecho que desea ejercer.<\/p><p>En caso de que sienta vulnerados sus derechos en lo concerniente a la protecci\u00f3n de sus datos personales, especialmente cuando no haya obtenido satisfacci\u00f3n en el ejercicio de sus derechos, puede presentar una reclamaci\u00f3n ante la Agencia Espa\u00f1ola de Protecci\u00f3n de Datos \u2013 C\/Jorge Juan, 6 \u2013 28001 MADRID (Madrid) | web: www.agpd.es |Sede electr\u00f3nica: sedeagpd.gob.es.<\/p><\/td><\/tr><tr><th scope='row'>Informaci\u00f3n adicional<\/th><td>Puedes consultar la informaci\u00f3n adicional y detallada sobre Protecci\u00f3n de Datos <a href=\"\/aviso-de-privacidad\">aqu\u00ed<\/a><\/td><\/tr><\/tbody><tfoot><tr><td colspan='2'>Informaci\u00f3n b\u00e1sica sobre protecci\u00f3n de datos<\/td><\/tfoot><\/table><\/form>\n<h3 id='buscador-denuncias' class='titulo_den'>Consultar estado denuncia<\/h3><form method='GET' action='\/es\/wp-json\/wp\/v2\/pages\/946#buscador-denuncias'><p>Si cuando curs\u00f3 la denuncia facilit\u00f3 un email introd\u00fazcalo, en caso contrario, introduzca el n\u00famero de denuncia que se le facilit\u00f3<\/p><div class='form-group'><label for='incidencia-email'>C\u00f3digo de denuncia \/ Correo electr\u00f3nico:<\/label><input type='text' name='denuncia' id='incidencia-email' class='form-control' value='' \/><\/div><div class='form-group'><input type='submit' class='btn btn-default btn-denuncias' value='Buscar' \/><\/div><\/form>\n<p>&nbsp;<\/p>\n<p><img loading=\"lazy\" decoding=\"async\" class=\"alignnone size-medium wp-image-1142 aligncenter\" src=\"http:\/\/www.ergoiena.com\/wp-content\/uploads\/2024\/06\/Imagen-Europa-300x61.png\" alt=\"\" width=\"300\" height=\"61\" srcset=\"http:\/\/www.ergoiena.com\/wp-content\/uploads\/2024\/06\/Imagen-Europa-300x61.png 300w, http:\/\/www.ergoiena.com\/wp-content\/uploads\/2024\/06\/Imagen-Europa-180x37.png 180w, http:\/\/www.ergoiena.com\/wp-content\/uploads\/2024\/06\/Imagen-Europa-400x81.png 400w, http:\/\/www.ergoiena.com\/wp-content\/uploads\/2024\/06\/Imagen-Europa.png 512w\" sizes=\"auto, (max-width: 300px) 100vw, 300px\" \/><\/p>\n<p>&nbsp;<\/p>\n<p>&nbsp;<\/p>\n","protected":false},"excerpt":{"rendered":"<p>IGAE:Comunicaci\u00f3n de informaci\u00f3n sobre fraudes o irregularidades que afecten a fondos europeos (hacienda.gob.es) Plan aprobado por el Pleno del Ayuntamiento: Plan de Medidas Antifraude ACTA REUNION COMITE ANTIFRAUDE 21-11-23 Autovaloraci\u00f3n abril 2024. &nbsp; &nbsp; &nbsp;<\/p>\n","protected":false},"author":1,"featured_media":0,"parent":0,"menu_order":0,"comment_status":"closed","ping_status":"closed","template":"","meta":{"footnotes":""},"class_list":["post-946","page","type-page","status-publish","hentry"],"_links":{"self":[{"href":"http:\/\/www.ergoiena.com\/es\/wp-json\/wp\/v2\/pages\/946","targetHints":{"allow":["GET"]}}],"collection":[{"href":"http:\/\/www.ergoiena.com\/es\/wp-json\/wp\/v2\/pages"}],"about":[{"href":"http:\/\/www.ergoiena.com\/es\/wp-json\/wp\/v2\/types\/page"}],"author":[{"embeddable":true,"href":"http:\/\/www.ergoiena.com\/es\/wp-json\/wp\/v2\/users\/1"}],"replies":[{"embeddable":true,"href":"http:\/\/www.ergoiena.com\/es\/wp-json\/wp\/v2\/comments?post=946"}],"version-history":[{"count":20,"href":"http:\/\/www.ergoiena.com\/es\/wp-json\/wp\/v2\/pages\/946\/revisions"}],"predecessor-version":[{"id":1369,"href":"http:\/\/www.ergoiena.com\/es\/wp-json\/wp\/v2\/pages\/946\/revisions\/1369"}],"wp:attachment":[{"href":"http:\/\/www.ergoiena.com\/es\/wp-json\/wp\/v2\/media?parent=946"}],"curies":[{"name":"wp","href":"https:\/\/api.w.org\/{rel}","templated":true}]}}